{"id":779561,"date":"2023-08-16T15:50:42","date_gmt":"2023-08-16T15:50:42","guid":{"rendered":"https:\/\/lecotedanse.com\/?post_type=product&#038;p=779561"},"modified":"2023-08-16T15:50:42","modified_gmt":"2023-08-16T15:50:42","slug":"top-escote-blonda","status":"publish","type":"product","link":"https:\/\/lecotedanse.com\/fr\/top-escote-blonda\/","title":{"rendered":"Top avec encolure en dentelle"},"content":{"rendered":"<p>Haut \u00e0 encolure en dentelle pour femmes pour la danse flamenco.<\/p>\n<p>Couleurs<\/p>\n<p><img decoding=\"async\" src=\"https:\/\/lecotedanse.com\/wp-content\/uploads\/2023\/08\/Rojo.jpeg\" alt=\"\" width=\"50\" height=\"50\" class=\"alignnone size-full wp-image-494535\" title=\"\" srcset=\"https:\/\/lecotedanse.com\/wp-content\/uploads\/2023\/08\/Rojo.jpeg 50w, https:\/\/lecotedanse.com\/wp-content\/uploads\/2023\/08\/Rojo-12x12.jpeg 12w\" sizes=\"(max-width: 50px) 100vw, 50px\" \/> <img decoding=\"async\" src=\"https:\/\/lecotedanse.com\/wp-content\/uploads\/2023\/08\/Azul-marino.jpeg\" alt=\"\" width=\"50\" height=\"50\" class=\"alignnone size-full wp-image-494525\" title=\"\" srcset=\"https:\/\/lecotedanse.com\/wp-content\/uploads\/2023\/08\/Azul-marino.jpeg 50w, https:\/\/lecotedanse.com\/wp-content\/uploads\/2023\/08\/Azul-marino-12x12.jpeg 12w\" sizes=\"(max-width: 50px) 100vw, 50px\" \/> <img decoding=\"async\" src=\"https:\/\/lecotedanse.com\/wp-content\/uploads\/2023\/08\/Negro.jpeg\" alt=\"\" width=\"50\" height=\"50\" class=\"alignnone size-full wp-image-494534\" title=\"\" srcset=\"https:\/\/lecotedanse.com\/wp-content\/uploads\/2023\/08\/Negro.jpeg 50w, https:\/\/lecotedanse.com\/wp-content\/uploads\/2023\/08\/Negro-12x12.jpeg 12w\" sizes=\"(max-width: 50px) 100vw, 50px\" \/> <img loading=\"lazy\" decoding=\"async\" src=\"https:\/\/lecotedanse.com\/wp-content\/uploads\/2023\/08\/Verde-oscuro.jpeg\" alt=\"\" width=\"50\" height=\"50\" class=\"alignnone size-full wp-image-494539\" title=\"\" srcset=\"https:\/\/lecotedanse.com\/wp-content\/uploads\/2023\/08\/Verde-oscuro.jpeg 50w, https:\/\/lecotedanse.com\/wp-content\/uploads\/2023\/08\/Verde-oscuro-12x12.jpeg 12w\" sizes=\"(max-width: 50px) 100vw, 50px\" \/> <img loading=\"lazy\" decoding=\"async\" src=\"https:\/\/lecotedanse.com\/wp-content\/uploads\/2023\/08\/Burdeos.jpeg\" alt=\"\" width=\"50\" height=\"50\" class=\"alignnone size-full wp-image-494532\" title=\"\" srcset=\"https:\/\/lecotedanse.com\/wp-content\/uploads\/2023\/08\/Burdeos.jpeg 50w, https:\/\/lecotedanse.com\/wp-content\/uploads\/2023\/08\/Burdeos-12x12.jpeg 12w\" sizes=\"(max-width: 50px) 100vw, 50px\" \/><\/p>\n<p>Haut \u00e0 encolure en dentelle pour femmes adultes.<br \/>\nCoupe longue au niveau des hanches avec un tissu en tricot extensible qui s'adapte parfaitement \u00e0 votre corps.<\/p>\n<p>Encolure en V sur le devant et encolure ronde dans le dos sous les omoplates.<br \/>\nVolant de dentelle autour de l'encolure dans une couleur diff\u00e9rente.<\/p>\n<p>T-shirt sans manches, qui vous met davantage en valeur au volant.<\/p>\n<p>Disponible en cinq couleurs : rouge, bleu marine, noir, vert fonc\u00e9 et bordeaux.<br \/>\nSi vous souhaitez en savoir plus sur les combinaisons de couleurs du T-shirt et du volant, veuillez nous contacter par e-mail ou par whatsapp et nous nous ferons un plaisir de vous conseiller et de vous parler des diff\u00e9rentes options.<\/p>\n<p>Ce haut \u00e0 encolure en dentelle est con\u00e7u pour les danseuses de flamenco ou de sevillanas, ainsi que pour les danseuses espagnoles en g\u00e9n\u00e9ral. Il peut \u00e9galement \u00eatre associ\u00e9 \u00e0 un jean ou \u00e0 un pantalon habill\u00e9 pour une cantaora ou un guitariste.<\/p>\n<p>Vous pouvez \u00e9galement le porter lors d'\u00e9v\u00e9nements tels que la foire de S\u00e9ville, la foire de Jerez, le Roc\u00edo ou tout autre \u00e9v\u00e9nement flamenco auquel vous assistez.<\/p>\n<p>Nous vous recommandons de le laver \u00e0 la main ou avec un programme pour v\u00eatements d\u00e9licats afin qu'il soit parfaitement conserv\u00e9.<\/p>\n<p>N'oubliez pas de nous suivre sur les m\u00e9dias sociaux \u00e0 @lecotedanse.<\/p>","protected":false},"excerpt":{"rendered":"<p>Top \u00e0 encolure en dentelle pour femmes pour la danse flamenco. Couleurs Top avec encolure en dentelle pour femmes adultes. Coupe longue, jusqu'aux hanches, avec un tissu tricot\u00e9 \u00e9lastique qui s'adapte sans probl\u00e8me \u00e0 votre corps. Encolure en V sur le devant et encolure ronde dans le dos sous les omoplates. ... <a title=\"Top avec encolure en dentelle\" class=\"read-more\" href=\"https:\/\/lecotedanse.com\/fr\/top-escote-blonda\/\" aria-label=\"Lire la suite : Top avec encolure en dentelle\">Lire la suite<\/a><\/p>","protected":false},"featured_media":779588,"comment_status":"closed","ping_status":"closed","template":"","meta":[],"product_brand":[],"product_cat":[20,32],"product_tag":[],"class_list":{"0":"post-779561","1":"product","2":"type-product","3":"status-publish","4":"has-post-thumbnail","6":"product_cat-moda-flamenca","7":"product_cat-cuerpos-flamenco","8":"sales-flash-overlay","9":"woocommerce-text-align-center","10":"woocommerce-image-align-center","11":"do-quantity-buttons","12":"wc-has-gallery","14":"first","15":"instock","16":"shipping-taxable","17":"purchasable","18":"product-type-variable"},"_links":{"self":[{"href":"https:\/\/lecotedanse.com\/fr\/wp-json\/wp\/v2\/product\/779561","targetHints":{"allow":["GET"]}}],"collection":[{"href":"https:\/\/lecotedanse.com\/fr\/wp-json\/wp\/v2\/product"}],"about":[{"href":"https:\/\/lecotedanse.com\/fr\/wp-json\/wp\/v2\/types\/product"}],"replies":[{"embeddable":true,"href":"https:\/\/lecotedanse.com\/fr\/wp-json\/wp\/v2\/comments?post=779561"}],"wp:featuredmedia":[{"embeddable":true,"href":"https:\/\/lecotedanse.com\/fr\/wp-json\/wp\/v2\/media\/779588"}],"wp:attachment":[{"href":"https:\/\/lecotedanse.com\/fr\/wp-json\/wp\/v2\/media?parent=779561"}],"wp:term":[{"taxonomy":"product_brand","embeddable":true,"href":"https:\/\/lecotedanse.com\/fr\/wp-json\/wp\/v2\/product_brand?post=779561"},{"taxonomy":"product_cat","embeddable":true,"href":"https:\/\/lecotedanse.com\/fr\/wp-json\/wp\/v2\/product_cat?post=779561"},{"taxonomy":"product_tag","embeddable":true,"href":"https:\/\/lecotedanse.com\/fr\/wp-json\/wp\/v2\/product_tag?post=779561"}],"curies":[{"name":"wp","href":"https:\/\/api.w.org\/{rel}","templated":true}]}}