{"id":1142556,"date":"2023-08-28T16:36:08","date_gmt":"2023-08-28T16:36:08","guid":{"rendered":"https:\/\/lecotedanse.com\/?post_type=product&#038;p=1142556"},"modified":"2023-08-28T16:36:10","modified_gmt":"2023-08-28T16:36:10","slug":"top-flamenco-flecos","status":"publish","type":"product","link":"https:\/\/lecotedanse.com\/fr\/top-flamenco-flecos\/","title":{"rendered":"Top \u00e0 franges flamenco"},"content":{"rendered":"<p>Top flamenco \u00e0 franges pour femmes.<\/p>\n<p><img decoding=\"async\" src=\"https:\/\/lecotedanse.com\/wp-content\/uploads\/2023\/08\/Rojo.jpeg\" alt=\"\" width=\"50\" height=\"50\" class=\"alignnone size-full wp-image-494535\" title=\"\" srcset=\"https:\/\/lecotedanse.com\/wp-content\/uploads\/2023\/08\/Rojo.jpeg 50w, https:\/\/lecotedanse.com\/wp-content\/uploads\/2023\/08\/Rojo-12x12.jpeg 12w\" sizes=\"(max-width: 50px) 100vw, 50px\" \/> <img decoding=\"async\" src=\"https:\/\/lecotedanse.com\/wp-content\/uploads\/2023\/08\/Amarillo-albero.jpeg\" alt=\"\" width=\"50\" height=\"50\" class=\"alignnone size-full wp-image-494538\" title=\"\" srcset=\"https:\/\/lecotedanse.com\/wp-content\/uploads\/2023\/08\/Amarillo-albero.jpeg 50w, https:\/\/lecotedanse.com\/wp-content\/uploads\/2023\/08\/Amarillo-albero-12x12.jpeg 12w\" sizes=\"(max-width: 50px) 100vw, 50px\" \/> <img decoding=\"async\" src=\"https:\/\/lecotedanse.com\/wp-content\/uploads\/2023\/08\/Vison.jpeg\" alt=\"\" width=\"50\" height=\"50\" class=\"alignnone size-full wp-image-494529\" title=\"\" srcset=\"https:\/\/lecotedanse.com\/wp-content\/uploads\/2023\/08\/Vison.jpeg 50w, https:\/\/lecotedanse.com\/wp-content\/uploads\/2023\/08\/Vison-12x12.jpeg 12w\" sizes=\"(max-width: 50px) 100vw, 50px\" \/> <img loading=\"lazy\" decoding=\"async\" src=\"https:\/\/lecotedanse.com\/wp-content\/uploads\/2023\/08\/Rubi.jpeg\" alt=\"\" width=\"50\" height=\"50\" class=\"alignnone size-full wp-image-494540\" title=\"\" srcset=\"https:\/\/lecotedanse.com\/wp-content\/uploads\/2023\/08\/Rubi.jpeg 50w, https:\/\/lecotedanse.com\/wp-content\/uploads\/2023\/08\/Rubi-12x12.jpeg 12w\" sizes=\"(max-width: 50px) 100vw, 50px\" \/> <img loading=\"lazy\" decoding=\"async\" src=\"https:\/\/lecotedanse.com\/wp-content\/uploads\/2023\/08\/Azul-marino.jpeg\" alt=\"\" width=\"50\" height=\"50\" class=\"alignnone size-full wp-image-494525\" title=\"\" srcset=\"https:\/\/lecotedanse.com\/wp-content\/uploads\/2023\/08\/Azul-marino.jpeg 50w, https:\/\/lecotedanse.com\/wp-content\/uploads\/2023\/08\/Azul-marino-12x12.jpeg 12w\" sizes=\"(max-width: 50px) 100vw, 50px\" \/> <img loading=\"lazy\" decoding=\"async\" src=\"https:\/\/lecotedanse.com\/wp-content\/uploads\/2023\/08\/Mora.jpeg\" alt=\"\" width=\"50\" height=\"50\" class=\"alignnone size-full wp-image-494537\" title=\"\" srcset=\"https:\/\/lecotedanse.com\/wp-content\/uploads\/2023\/08\/Mora.jpeg 50w, https:\/\/lecotedanse.com\/wp-content\/uploads\/2023\/08\/Mora-12x12.jpeg 12w\" sizes=\"(max-width: 50px) 100vw, 50px\" \/> <img loading=\"lazy\" decoding=\"async\" src=\"https:\/\/lecotedanse.com\/wp-content\/uploads\/2023\/08\/Gris.jpeg\" alt=\"\" width=\"50\" height=\"50\" class=\"alignnone size-full wp-image-494533\" title=\"\" srcset=\"https:\/\/lecotedanse.com\/wp-content\/uploads\/2023\/08\/Gris.jpeg 50w, https:\/\/lecotedanse.com\/wp-content\/uploads\/2023\/08\/Gris-12x12.jpeg 12w\" sizes=\"(max-width: 50px) 100vw, 50px\" \/> <img loading=\"lazy\" decoding=\"async\" src=\"https:\/\/lecotedanse.com\/wp-content\/uploads\/2023\/08\/Granate.jpeg\" alt=\"\" width=\"50\" height=\"50\" class=\"alignnone size-full wp-image-494526\" title=\"\" srcset=\"https:\/\/lecotedanse.com\/wp-content\/uploads\/2023\/08\/Granate.jpeg 50w, https:\/\/lecotedanse.com\/wp-content\/uploads\/2023\/08\/Granate-12x12.jpeg 12w\" sizes=\"(max-width: 50px) 100vw, 50px\" \/> <img loading=\"lazy\" decoding=\"async\" src=\"https:\/\/lecotedanse.com\/wp-content\/uploads\/2023\/08\/Negro.jpeg\" alt=\"\" width=\"50\" height=\"50\" class=\"alignnone size-full wp-image-494534\" title=\"\" srcset=\"https:\/\/lecotedanse.com\/wp-content\/uploads\/2023\/08\/Negro.jpeg 50w, https:\/\/lecotedanse.com\/wp-content\/uploads\/2023\/08\/Negro-12x12.jpeg 12w\" sizes=\"(max-width: 50px) 100vw, 50px\" \/> <img loading=\"lazy\" decoding=\"async\" src=\"https:\/\/lecotedanse.com\/wp-content\/uploads\/2023\/08\/Blanco.jpeg\" alt=\"\" width=\"50\" height=\"50\" class=\"alignnone size-full wp-image-494536\" title=\"\" srcset=\"https:\/\/lecotedanse.com\/wp-content\/uploads\/2023\/08\/Blanco.jpeg 50w, https:\/\/lecotedanse.com\/wp-content\/uploads\/2023\/08\/Blanco-12x12.jpeg 12w\" sizes=\"(max-width: 50px) 100vw, 50px\" \/> <img loading=\"lazy\" decoding=\"async\" src=\"https:\/\/lecotedanse.com\/wp-content\/uploads\/2023\/08\/Verde-oscuro.jpeg\" alt=\"\" width=\"50\" height=\"50\" class=\"alignnone size-full wp-image-494539\" title=\"\" srcset=\"https:\/\/lecotedanse.com\/wp-content\/uploads\/2023\/08\/Verde-oscuro.jpeg 50w, https:\/\/lecotedanse.com\/wp-content\/uploads\/2023\/08\/Verde-oscuro-12x12.jpeg 12w\" sizes=\"(max-width: 50px) 100vw, 50px\" \/> <img loading=\"lazy\" decoding=\"async\" src=\"https:\/\/lecotedanse.com\/wp-content\/uploads\/2023\/08\/Burdeos.jpeg\" alt=\"\" width=\"50\" height=\"50\" class=\"alignnone size-full wp-image-494532\" title=\"\" srcset=\"https:\/\/lecotedanse.com\/wp-content\/uploads\/2023\/08\/Burdeos.jpeg 50w, https:\/\/lecotedanse.com\/wp-content\/uploads\/2023\/08\/Burdeos-12x12.jpeg 12w\" sizes=\"(max-width: 50px) 100vw, 50px\" \/> <img loading=\"lazy\" decoding=\"async\" src=\"https:\/\/lecotedanse.com\/wp-content\/uploads\/2023\/08\/Carne.jpeg\" alt=\"\" width=\"50\" height=\"50\" class=\"alignnone size-full wp-image-494528\" title=\"\" srcset=\"https:\/\/lecotedanse.com\/wp-content\/uploads\/2023\/08\/Carne.jpeg 50w, https:\/\/lecotedanse.com\/wp-content\/uploads\/2023\/08\/Carne-12x12.jpeg 12w\" sizes=\"(max-width: 50px) 100vw, 50px\" \/> <img loading=\"lazy\" decoding=\"async\" src=\"https:\/\/lecotedanse.com\/wp-content\/uploads\/2023\/08\/Terracota-.jpeg\" alt=\"\" width=\"50\" height=\"50\" class=\"alignnone size-full wp-image-494531\" title=\"\" srcset=\"https:\/\/lecotedanse.com\/wp-content\/uploads\/2023\/08\/Terracota-.jpeg 50w, https:\/\/lecotedanse.com\/wp-content\/uploads\/2023\/08\/Terracota--12x12.jpeg 12w\" sizes=\"(max-width: 50px) 100vw, 50px\" \/> <img loading=\"lazy\" decoding=\"async\" src=\"https:\/\/lecotedanse.com\/wp-content\/uploads\/2023\/08\/Verde.jpeg\" alt=\"\" width=\"50\" height=\"50\" class=\"alignnone size-full wp-image-494530\" title=\"\" srcset=\"https:\/\/lecotedanse.com\/wp-content\/uploads\/2023\/08\/Verde.jpeg 50w, https:\/\/lecotedanse.com\/wp-content\/uploads\/2023\/08\/Verde-12x12.jpeg 12w\" sizes=\"(max-width: 50px) 100vw, 50px\" \/> <img loading=\"lazy\" decoding=\"async\" src=\"https:\/\/lecotedanse.com\/wp-content\/uploads\/2023\/08\/Gris-oscuro.jpeg\" alt=\"\" width=\"50\" height=\"50\" class=\"alignnone size-full wp-image-494527\" title=\"\" srcset=\"https:\/\/lecotedanse.com\/wp-content\/uploads\/2023\/08\/Gris-oscuro.jpeg 50w, https:\/\/lecotedanse.com\/wp-content\/uploads\/2023\/08\/Gris-oscuro-12x12.jpeg 12w\" sizes=\"(max-width: 50px) 100vw, 50px\" \/><\/p>\n<p>Top \u00e0 franges flamenco de Davedans.<\/p>\n<p>T-shirt moulant pour la danse espagnole et le flamenco, long jusqu'\u00e0 la mi-hanche.<\/p>\n<p>Manches longues et ajust\u00e9es, au-dessous du coude, avec des volants \u00e0 l'ourlet. Ces volants sont en tulle, transparent, avec un motif \u00e0 pois.<\/p>\n<p>L'encolure est arrondie, plus prononc\u00e9e sur le devant et renforc\u00e9e par un passepoil sur tout le pourtour.<\/p>\n<p>Des franges de 40 centim\u00e8tres de long sont appliqu\u00e9es tout autour du d\u00e9collet\u00e9, cr\u00e9ant la m\u00eame forme arrondie que le d\u00e9collet\u00e9.<\/p>\n<p>Tissu sup\u00e9rieur en maille extensible, s'adaptant \u00e0 votre corps et tr\u00e8s flatteur gr\u00e2ce au mouvement des franges.<\/p>\n<p>Large gamme de couleurs au choix. Pour cr\u00e9er les meilleures combinaisons entre les franges et le top, nous vous recommandons de nous \u00e9crire afin que nous puissions vous conseiller et vous donner les informations les plus d\u00e9taill\u00e9es possibles.<\/p>\n<p>Ce haut \u00e0 franges flamenco est parfait pour les spectacles, galas, festivals ou \u00e9v\u00e9nements de toute danseuse professionnelle ou amateur. <\/p>\n<p>Son \u00e9l\u00e9gance et la qualit\u00e9 de ses d\u00e9tails le rendent tout aussi appropri\u00e9 comme partie sup\u00e9rieure d'un costume de foire flamenco, avec lequel il sera impossible de ne pas r\u00e9ussir.<\/p>\n<p>Appr\u00e9ciez ce mod\u00e8le, l'un de nos pr\u00e9f\u00e9r\u00e9s, et combinez-le avec les jupes et les pantalons de notre site Internet.<\/p>","protected":false},"excerpt":{"rendered":"<p>Top \u00e0 franges Flamenco pour femmes. Top \u00e0 franges flamenco de la marque Davedans. T-shirt moulant pour la danse espagnole et la danse flamenco, long jusqu'\u00e0 la mi-cuisse. Manches longues et ajust\u00e9es, au-dessous du coude, avec des volants \u00e0 l'ourlet. Ces volants sont en tulle, transparent, avec un imprim\u00e9 \u00e0 pois. L'encolure est ... <a title=\"Top \u00e0 franges flamenco\" class=\"read-more\" href=\"https:\/\/lecotedanse.com\/fr\/top-flamenco-flecos\/\" aria-label=\"Lire la suite : Haut \u00e0 franges flamenco\">Lire la suite<\/a><\/p>","protected":false},"featured_media":1142557,"comment_status":"closed","ping_status":"closed","template":"","meta":[],"product_brand":[],"product_cat":[20,32],"product_tag":[],"class_list":{"0":"post-1142556","1":"product","2":"type-product","3":"status-publish","4":"has-post-thumbnail","6":"product_cat-moda-flamenca","7":"product_cat-cuerpos-flamenco","8":"sales-flash-overlay","9":"woocommerce-text-align-center","10":"woocommerce-image-align-center","11":"do-quantity-buttons","12":"wc-has-gallery","14":"first","15":"instock","16":"shipping-taxable","17":"purchasable","18":"product-type-variable"},"_links":{"self":[{"href":"https:\/\/lecotedanse.com\/fr\/wp-json\/wp\/v2\/product\/1142556","targetHints":{"allow":["GET"]}}],"collection":[{"href":"https:\/\/lecotedanse.com\/fr\/wp-json\/wp\/v2\/product"}],"about":[{"href":"https:\/\/lecotedanse.com\/fr\/wp-json\/wp\/v2\/types\/product"}],"replies":[{"embeddable":true,"href":"https:\/\/lecotedanse.com\/fr\/wp-json\/wp\/v2\/comments?post=1142556"}],"wp:featuredmedia":[{"embeddable":true,"href":"https:\/\/lecotedanse.com\/fr\/wp-json\/wp\/v2\/media\/1142557"}],"wp:attachment":[{"href":"https:\/\/lecotedanse.com\/fr\/wp-json\/wp\/v2\/media?parent=1142556"}],"wp:term":[{"taxonomy":"product_brand","embeddable":true,"href":"https:\/\/lecotedanse.com\/fr\/wp-json\/wp\/v2\/product_brand?post=1142556"},{"taxonomy":"product_cat","embeddable":true,"href":"https:\/\/lecotedanse.com\/fr\/wp-json\/wp\/v2\/product_cat?post=1142556"},{"taxonomy":"product_tag","embeddable":true,"href":"https:\/\/lecotedanse.com\/fr\/wp-json\/wp\/v2\/product_tag?post=1142556"}],"curies":[{"name":"wp","href":"https:\/\/api.w.org\/{rel}","templated":true}]}}