{"id":1117511,"date":"2023-08-28T09:37:46","date_gmt":"2023-08-28T09:37:46","guid":{"rendered":"https:\/\/lecotedanse.com\/?post_type=product&#038;p=1117511"},"modified":"2023-09-07T16:54:48","modified_gmt":"2023-09-07T16:54:48","slug":"top-flamenco-de-tul","status":"publish","type":"product","link":"https:\/\/lecotedanse.com\/fr\/top-flamenco-de-tul\/","title":{"rendered":"Top en tulle flamand"},"content":{"rendered":"<p>Top flamenco en tulle \u00e9lastique pour femmes.<\/p>\n<p>T-shirt moulant en tulle extensible, transparent et d\u00e9voilant l'int\u00e9rieur du v\u00eatement.<\/p>\n<p>Manches longues et ajust\u00e9es, au-dessous du poignet et sur toute la longueur du bras.<\/p>\n<p>Haute encolure bateau, qui est haute sur les clavicules mais permet une grande libert\u00e9 de mouvement et est tr\u00e8s confortable.<\/p>\n<p>Les coutures sont renforc\u00e9es aux aisselles et sur les c\u00f4t\u00e9s pour une finition haut de gamme.<\/p>\n<p>Ce haut flamenco en tulle extensible s'adapte parfaitement au corps et est disponible dans les tailles adultes XS \u00e0 XXL.<\/p>\n<p>De couleur noire transparente, c'est sans aucun doute le v\u00eatement id\u00e9al pour jouer avec les couleurs des maillots, des T-shirts ou des tops que l'on peut porter en dessous.<\/p>\n<p>Bien qu'il soit con\u00e7u pour la danse espagnole, la danse flamenco ou les sevillanas, ce mod\u00e8le est tr\u00e8s polyvalent et peut \u00eatre utilis\u00e9 pour n'importe quelle sp\u00e9cialit\u00e9 de danse, ou m\u00eame comme \u00e9l\u00e9ment d'une tenue de sortie.<\/p>\n<p>Sur notre site, vous trouverez des jupes, des pantalons, des t-shirts et des justaucorps que vous aimerez combiner avec ce haut de tulle flamenco, tant pour les cours et les r\u00e9p\u00e9titions que pour les spectacles.<\/p>\n<p>Nous restons \u00e0 votre disposition pour r\u00e9pondre \u00e0 vos questions et vous conseiller.<\/p>","protected":false},"excerpt":{"rendered":"<p>Top flamenco en tulle extensible pour femme. T-shirt moulant en tulle extensible, transparent et laissant appara\u00eetre l'int\u00e9rieur du v\u00eatement. Manches longues ajust\u00e9es, au-dessous du poignet et ajust\u00e9es sur toute la longueur du bras. Haute encolure bateau, marquant les clavicules mais laissant une grande libert\u00e9 de mouvement et tr\u00e8s confortable. <a title=\"Top en tulle flamand\" class=\"read-more\" href=\"https:\/\/lecotedanse.com\/fr\/top-flamenco-de-tul\/\" aria-label=\"En savoir plus sur le haut en tulle Flamenco\">Lire la suite<\/a><\/p>","protected":false},"featured_media":1120465,"comment_status":"closed","ping_status":"closed","template":"","meta":[],"product_brand":[],"product_cat":[32,20],"product_tag":[],"class_list":{"0":"post-1117511","1":"product","2":"type-product","3":"status-publish","4":"has-post-thumbnail","6":"product_cat-cuerpos-flamenco","7":"product_cat-moda-flamenca","8":"sales-flash-overlay","9":"woocommerce-text-align-center","10":"woocommerce-image-align-center","11":"do-quantity-buttons","12":"wc-has-gallery","14":"first","15":"instock","16":"shipping-taxable","17":"purchasable","18":"product-type-variable"},"_links":{"self":[{"href":"https:\/\/lecotedanse.com\/fr\/wp-json\/wp\/v2\/product\/1117511","targetHints":{"allow":["GET"]}}],"collection":[{"href":"https:\/\/lecotedanse.com\/fr\/wp-json\/wp\/v2\/product"}],"about":[{"href":"https:\/\/lecotedanse.com\/fr\/wp-json\/wp\/v2\/types\/product"}],"replies":[{"embeddable":true,"href":"https:\/\/lecotedanse.com\/fr\/wp-json\/wp\/v2\/comments?post=1117511"}],"wp:featuredmedia":[{"embeddable":true,"href":"https:\/\/lecotedanse.com\/fr\/wp-json\/wp\/v2\/media\/1120465"}],"wp:attachment":[{"href":"https:\/\/lecotedanse.com\/fr\/wp-json\/wp\/v2\/media?parent=1117511"}],"wp:term":[{"taxonomy":"product_brand","embeddable":true,"href":"https:\/\/lecotedanse.com\/fr\/wp-json\/wp\/v2\/product_brand?post=1117511"},{"taxonomy":"product_cat","embeddable":true,"href":"https:\/\/lecotedanse.com\/fr\/wp-json\/wp\/v2\/product_cat?post=1117511"},{"taxonomy":"product_tag","embeddable":true,"href":"https:\/\/lecotedanse.com\/fr\/wp-json\/wp\/v2\/product_tag?post=1117511"}],"curies":[{"name":"wp","href":"https:\/\/api.w.org\/{rel}","templated":true}]}}