{"id":888,"date":"2021-12-23T17:15:03","date_gmt":"2021-12-23T17:15:03","guid":{"rendered":"https:\/\/lecotedanse.com\/?page_id=888"},"modified":"2023-07-24T11:03:49","modified_gmt":"2023-07-24T11:03:49","slug":"politica-de-privacidad","status":"publish","type":"page","link":"https:\/\/lecotedanse.com\/fr\/politique-de-confidentialite\/","title":{"rendered":"Politique de confidentialit\u00e9"},"content":{"rendered":"<div data-elementor-type=\"wp-page\" data-elementor-id=\"888\" class=\"elementor elementor-888\" data-elementor-post-type=\"page\">\n\t\t\t\t\t\t<section class=\"elementor-section elementor-top-section elementor-element elementor-element-ddabff9 elementor-section-boxed elementor-section-height-default elementor-section-height-default\" data-id=\"ddabff9\" data-element_type=\"section\" data-e-type=\"section\">\n\t\t\t\t\t\t<div class=\"elementor-container elementor-column-gap-default\">\n\t\t\t\t\t<div class=\"elementor-column elementor-col-100 elementor-top-column elementor-element elementor-element-c01069e\" data-id=\"c01069e\" data-element_type=\"column\" data-e-type=\"column\">\n\t\t\t<div class=\"elementor-widget-wrap elementor-element-populated\">\n\t\t\t\t\t\t<div class=\"elementor-element elementor-element-02476a3 elementor-widget elementor-widget-heading\" data-id=\"02476a3\" data-element_type=\"widget\" data-e-type=\"widget\" data-widget_type=\"heading.default\">\n\t\t\t\t<div class=\"elementor-widget-container\">\n\t\t\t\t\t<h1 class=\"elementor-heading-title elementor-size-default\">Politique de confidentialit\u00e9<\/h1>\t\t\t\t<\/div>\n\t\t\t\t<\/div>\n\t\t\t\t<div class=\"elementor-element elementor-element-345769e elementor-widget elementor-widget-text-editor\" data-id=\"345769e\" data-element_type=\"widget\" data-e-type=\"widget\" data-widget_type=\"text-editor.default\">\n\t\t\t\t<div class=\"elementor-widget-container\">\n\t\t\t\t\t\t\t\t\t<p style=\"font-weight: 400;\">Si vous \u00eates ici, c'est que vous souhaitez en savoir plus sur vos obligations et vos droits en tant qu'utilisateur de ce site web https:\/\/lecotedanse.com\/ et c'est tr\u00e8s bien ainsi. Il est de notre devoir de vous informer et de votre devoir d'\u00eatre correctement inform\u00e9.<\/p>\n<p style=\"font-weight: 400;\">Dans cette politique de confidentialit\u00e9, nous vous informons en toute transparence de la finalit\u00e9 de ce site web et de tout ce qui concerne les donn\u00e9es que vous nous fournissez, ainsi que des obligations et des droits qui vous reviennent.<\/p>\n<p style=\"font-weight: 400;\">Tout d'abord, vous devez savoir que ce site est adapt\u00e9 \u00e0 la r\u00e9glementation en vigueur en mati\u00e8re de protection des donn\u00e9es, qui concerne les donn\u00e9es personnelles que vous nous fournissez avec votre consentement expr\u00e8s et les cookies que nous utilisons pour que ce site puisse fonctionner correctement et mener \u00e0 bien son activit\u00e9.<\/p>\n<p style=\"font-weight: 400;\">Plus pr\u00e9cis\u00e9ment, ce site web est conforme aux r\u00e9glementations suivantes :<\/p>\n<p style=\"font-weight: 400;\">Le GDPR (R\u00e8glement (UE) 2016\/679 du Parlement europ\u00e9en et du Conseil du 27 avril 2016 relatif \u00e0 la protection des personnes physiques) qui est le nouveau r\u00e8glement de l'Union europ\u00e9enne qui unifie la r\u00e9glementation du traitement des donn\u00e9es personnelles dans les diff\u00e9rents pays de l'UE.<\/p>\n<p style=\"font-weight: 400;\">La LOPD (loi organique 15\/1999, du 13 d\u00e9cembre, sur la protection des donn\u00e9es \u00e0 caract\u00e8re personnel et d\u00e9cret royal 1720\/2007, du 21 d\u00e9cembre, r\u00e8glement d'application de la LOPD) r\u00e9git le traitement des donn\u00e9es \u00e0 caract\u00e8re personnel et les obligations que les responsables d'un site web ou d'un blog doivent assumer dans le cadre de la gestion de ces informations.<\/p>\n<p style=\"font-weight: 400;\">La LSSI (loi 34\/2002, du 11 juillet, sur les services de la soci\u00e9t\u00e9 de l'information et le commerce \u00e9lectronique) qui r\u00e9glemente les transactions \u00e9conomiques par voie \u00e9lectronique, comme dans le cas de ce blog.<\/p>\n\n<h2>DONN\u00c9ES D'IDENTIFICATION<\/h2>\n<p style=\"font-weight: 400;\">La responsable et propri\u00e9taire de ce site web est Josefa Mar\u00eda Ruiz Olmedo (ci-apr\u00e8s Josefa Mar\u00eda).<\/p>\n\n<ul>\n \t<li style=\"font-weight: 400;\">Nom : Josefa Mar\u00eda<\/li>\n \t<li style=\"font-weight: 400;\">NUM\u00c9RO DE TVA : 48847023Z<\/li>\n \t<li style=\"font-weight: 400;\">Si\u00e8ge social : Ronda Norte 16 5\u00bai, CP : 30009<\/li>\n \t<li style=\"font-weight: 400;\">Activit\u00e9 du site web : diffusion de contenus li\u00e9s \u00e0 la mode, affichage de publicit\u00e9s et vente de produits en ligne.<\/li>\n \t<li style=\"font-weight: 400;\">Courriel : lecotedansemurcia@gmail.com<\/li>\n<\/ul>\n<p style=\"font-weight: 400;\">Les donn\u00e9es que vous nous fournissez avec votre consentement, et conform\u00e9ment \u00e0 l'utilisation \u00e9tablie dans la pr\u00e9sente politique de confidentialit\u00e9, seront incorpor\u00e9es \u00e0 un fichier automatis\u00e9 d\u00fbment enregistr\u00e9 aupr\u00e8s de l'Agence espagnole de protection des donn\u00e9es, dont le responsable est Josefa Mar\u00eda. Cela signifie que vos donn\u00e9es sont en s\u00e9curit\u00e9, conform\u00e9ment aux dispositions de la loi.<\/p>\n<p style=\"font-weight: 400;\">Les donn\u00e9es \u00e0 caract\u00e8re personnel que vous nous fournissez, avec votre consentement explicite, seront stock\u00e9es et trait\u00e9es aux fins \u00e9nonc\u00e9es et d\u00e9crites ci-dessous dans la pr\u00e9sente politique de confidentialit\u00e9, jusqu'\u00e0 ce que vous nous demandiez de les supprimer.<\/p>\n<p style=\"font-weight: 400;\">Nous vous informons que la pr\u00e9sente politique de confidentialit\u00e9 peut \u00eatre modifi\u00e9e \u00e0 tout moment, afin de l'adapter \u00e0 une nouvelle l\u00e9gislation ou \u00e0 des changements dans nos activit\u00e9s, la version en vigueur \u00e9tant celle publi\u00e9e sur le site web \u00e0 tout moment. Vous serez inform\u00e9 de cette modification avant son application.<\/p>\n\n<h2>CONDITIONS D'UTILISATION<\/h2>\n<p style=\"font-weight: 400;\">Sachez, pour votre tranquillit\u00e9 d'esprit, que nous vous demanderons toujours votre consentement expr\u00e8s pour collecter vos donn\u00e9es pour la finalit\u00e9 correspondante sp\u00e9cifi\u00e9e dans chaque cas, ce qui implique que, si vous donnez ce consentement, vous avez lu et accept\u00e9 la pr\u00e9sente politique de protection de la vie priv\u00e9e.<\/p>\n<p style=\"font-weight: 400;\">Lorsque vous acc\u00e9dez \u00e0 ce site web et que vous l'utilisez, vous assumez votre statut d'utilisateur, avec les droits et les obligations qui en d\u00e9coulent.<\/p>\n<p style=\"font-weight: 400;\">Si vous avez plus de 13 ans, vous pouvez vous inscrire en tant qu'utilisateur de ce site web sans l'accord pr\u00e9alable de vos parents ou de votre tuteur.<\/p>\n<p style=\"font-weight: 400;\">Si vous avez moins de 13 ans, vous devrez obtenir le consentement de vos parents ou tuteurs pour le traitement de vos donn\u00e9es personnelles.<\/p>\n\n<h2>ENREGISTREMENT ET FINALIT\u00c9 DES DONN\u00c9ES<\/h2>\n<p style=\"font-weight: 400;\">En fonction du formulaire ou de la section \u00e0 laquelle vous acc\u00e9dez, nous ne vous demanderons que les donn\u00e9es n\u00e9cessaires aux fins d\u00e9crites ci-dessous. \u00c0 tout moment, vous devez donner votre consentement explicite lorsque nous vous demandons des informations personnelles aux fins suivantes :<\/p>\n\n<ul>\n \t<li style=\"font-weight: 400;\">Les finalit\u00e9s sp\u00e9cifiques qui sont notamment indiqu\u00e9es sur chacune des pages ou sections o\u00f9 figure le formulaire d'enregistrement ou de contact \u00e9lectronique.<\/li>\n \t<li style=\"font-weight: 400;\">De mani\u00e8re g\u00e9n\u00e9rale, pour traiter vos demandes, commentaires, requ\u00eates ou tout autre type de demande que vous formulez en tant qu'utilisateur par le biais de l'un des formulaires de contact que nous mettons \u00e0 votre disposition.<\/li>\n \t<li style=\"font-weight: 400;\">Pour vous informer sur les demandes de renseignements, les activit\u00e9s, les produits, les nouveaut\u00e9s et\/ou les services, par courrier \u00e9lectronique, fax, Whatsapp, Skype, t\u00e9l\u00e9phone, sms et mms.<\/li>\n \t<li style=\"font-weight: 400;\">vous envoyer des communications commerciales ou publicitaires par tout autre moyen \u00e9lectronique ou physique permettant de communiquer.<\/li>\n<\/ul>\n<p style=\"font-weight: 400;\">Ces communications seront toujours li\u00e9es \u00e0 nos produits, services, nouvelles ou promotions, ainsi qu'aux produits ou services que nous pouvons consid\u00e9rer comme int\u00e9ressants pour vous et qui peuvent \u00eatre offerts par des collaborateurs, des entreprises ou des partenaires avec lesquels nous avons conclu des accords de promotion ou de collaboration commerciale.<\/p>\n<p style=\"font-weight: 400;\">Dans ce cas, nous garantissons que ces tiers n'auront jamais acc\u00e8s \u00e0 vos donn\u00e9es personnelles, \u00e0 l'exception des cas \u00e9num\u00e9r\u00e9s ci-dessous, qui sont en tout \u00e9tat de cause des communications effectu\u00e9es par Josefa Maria, en tant que propri\u00e9taire du site web.<\/p>\n<p style=\"font-weight: 400;\">Ces pages li\u00e9es appartenant \u00e0 des tiers n'ont pas \u00e9t\u00e9 v\u00e9rifi\u00e9es et ne font pas l'objet de contr\u00f4les ou de recommandations de notre part. Par cons\u00e9quent, Josefa Maria ne sera pas responsable des contenus de ces sites, des responsabilit\u00e9s d\u00e9riv\u00e9es de leur utilisation dans tous les domaines, ni des mesures adopt\u00e9es en mati\u00e8re de confidentialit\u00e9 des utilisateurs, de traitement des donn\u00e9es personnelles ou de toute autre mesure qui pourrait \u00eatre \u00e9tablie.<\/p>\n<p style=\"font-weight: 400;\">Collecte d'informations : Nous recueillons vos informations personnelles sur ce site de diff\u00e9rentes mani\u00e8res. L'objectif de la collecte de vos informations personnelles est de fournir un service efficace, efficient et personnalis\u00e9.<\/p>\n\n<ul>\n \t<li style=\"font-weight: 400;\">Enregistrement de la commande : avant d'utiliser certaines parties du site ou de commander des produits, vous devez remplir un formulaire d'enregistrement en ligne. Lors de l'inscription, il vous sera demand\u00e9 de nous fournir certaines informations personnelles telles que votre nom, votre adresse de facturation et de livraison, votre num\u00e9ro de t\u00e9l\u00e9phone, votre adresse \u00e9lectronique et votre num\u00e9ro de carte de cr\u00e9dit. Ces donn\u00e9es sont utilis\u00e9es \u00e0 des fins de facturation, pour communiquer avec vous au sujet de votre commande et \u00e0 des fins de marketing interne.<\/li>\n \t<li style=\"font-weight: 400;\">Adresses \u00e9lectroniques : Plusieurs endroits du site vous permettent de saisir votre adresse \u00e9lectronique afin de vous abonner \u00e0 notre lettre d'information et de rester inform\u00e9 ou de b\u00e9n\u00e9ficier de promotions exclusives.<\/li>\n \t<li style=\"font-weight: 400;\">Cookies et autres technologies : le site utilise des cookies et d'autres technologies pour acc\u00e9l\u00e9rer la navigation sur le site, vous reconna\u00eetre, conna\u00eetre vos privil\u00e8ges d'acc\u00e8s et suivre votre utilisation du site. Les cookies sont de petits \u00e9l\u00e9ments d'information stock\u00e9s sous forme de fichiers texte par votre navigateur Internet sur le disque dur de votre ordinateur. La plupart des navigateurs Internet sont initialement configur\u00e9s pour accepter les cookies. Si vous le souhaitez, vous pouvez configurer votre navigateur pour qu'il refuse les cookies des sites web ou pour qu'il les efface de votre disque dur, mais dans ce cas, vous ne pourrez pas acc\u00e9der \u00e0 certaines parties du site ou les utiliser sans vous identifier \u00e0 nouveau. Nous avons besoin d'utiliser des cookies pour vous permettre de s\u00e9lectionner des produits, de les placer dans un panier et de les acheter. Les cookies du site ne s'infiltrent pas dans le disque dur de l'utilisateur pour collecter des informations sensibles. Nous pouvons faire appel \u00e0 des soci\u00e9t\u00e9s de publicit\u00e9 tierces qui peuvent utiliser des cookies pour mesurer l'efficacit\u00e9 de la publicit\u00e9 (par exemple, quelles pages sont visit\u00e9es ou quels produits sont achet\u00e9s et en quelle quantit\u00e9). Les informations que ces tiers recueillent par le biais des cookies ne sont pas li\u00e9es aux informations personnelles que nous recueillons.<\/li>\n \t<li style=\"font-weight: 400;\">Fichiers journaux : le serveur du site reconna\u00eet automatiquement l'URL Internet \u00e0 partir de laquelle vous acc\u00e9dez au site. Nous pouvons \u00e9galement enregistrer votre adresse de protocole Internet (\"IP\").<\/li>\n<\/ul>\n<p style=\"font-weight: 400;\">Par cons\u00e9quent, nous vous recommandons de lire attentivement toutes les conditions d'utilisation, les conditions d'achat, les politiques de confidentialit\u00e9, les avis juridiques et\/ou les avis similaires de ces sites li\u00e9s avant de proc\u00e9der \u00e0 l'achat de ces produits ou \u00e0 l'utilisation des sites web.<\/p>\n<p style=\"font-weight: 400;\">L'EXACTITUDE ET LA V\u00c9RACIT\u00c9 DES DONN\u00c9ES<\/p>\n<p style=\"font-weight: 400;\">En tant qu'utilisateur, vous \u00eates seul responsable de la v\u00e9racit\u00e9 et de la modification des donn\u00e9es que vous envoyez \u00e0 Josefa Maria, nous exon\u00e9rant de toute responsabilit\u00e9 \u00e0 cet \u00e9gard.<\/p>\n<p style=\"font-weight: 400;\">En d'autres termes, vous \u00eates en tout \u00e9tat de cause responsable de l'exactitude, de la validit\u00e9 et de l'authenticit\u00e9 des donn\u00e9es personnelles fournies et vous vous engagez \u00e0 les tenir d\u00fbment \u00e0 jour.<\/p>\n<p style=\"font-weight: 400;\">Comme indiqu\u00e9 dans la pr\u00e9sente politique de confidentialit\u00e9, vous acceptez de fournir des informations compl\u00e8tes et correctes dans le formulaire de contact ou d'abonnement.<\/p>\n\n<h2>D\u00c9SABONNEMENT ET DROIT DE R\u00c9VOCATION<\/h2>\n<p style=\"font-weight: 400;\">En tant que propri\u00e9taire des donn\u00e9es que vous nous avez fournies, vous pouvez exercer vos droits d'acc\u00e8s, de rectification, d'annulation et d'opposition \u00e0 tout moment en nous envoyant un e-mail \u00e0 lecotedansemurcia@gmail.com et en joignant une photocopie de votre document d'identit\u00e9 comme preuve valable.<\/p>\n<p style=\"font-weight: 400;\">Vous pouvez \u00e9galement vous d\u00e9sinscrire \u00e0 tout moment pour ne plus recevoir notre lettre d'information ou toute autre communication commerciale, directement \u00e0 partir de l'e-mail que vous avez re\u00e7u ou en nous envoyant un e-mail \u00e0 lecotedansemurcia@gmail.com.<\/p>\n\n<h2>L'ACC\u00c8S AUX DONN\u00c9ES POUR LE COMPTE DE TIERS<\/h2>\n<p style=\"font-weight: 400;\">Afin de fournir les services strictement n\u00e9cessaires au fonctionnement et au d\u00e9veloppement des activit\u00e9s de ce site web, nous vous informons que nous partageons des donn\u00e9es avec les fournisseurs de services suivants, conform\u00e9ment \u00e0 leurs conditions de confidentialit\u00e9 correspondantes.<\/p>\n<p style=\"font-weight: 400;\">Vous pouvez \u00eatre assur\u00e9 que ces tiers ne peuvent pas utiliser ces informations \u00e0 des fins qui ne sont pas sp\u00e9cifiquement r\u00e9glement\u00e9es dans nos relations avec eux en vertu des lois applicables en mati\u00e8re de protection des donn\u00e9es \u00e0 caract\u00e8re personnel.<\/p>\n<p style=\"font-weight: 400;\">Ce site est h\u00e9berg\u00e9 par https:\/\/sered.net\/, sous la marque Sered Hosting Profesional, qui fournit les services d'h\u00e9bergement vous permettant d'acc\u00e9der et de naviguer sur notre site. Vous pouvez consulter la politique de confidentialit\u00e9 et les autres aspects juridiques de cette soci\u00e9t\u00e9 au lien suivant : https:\/\/sered.net\/politica-de-privacidad.<\/p>\n<p style=\"font-weight: 400;\">Notre site web utilise des serveurs publicitaires afin de faciliter le contenu commercial que vous voyez sur nos pages. Ces serveurs publicitaires utilisent des cookies pour leur permettre d'adapter le contenu publicitaire aux profils d\u00e9mographiques des utilisateurs :<\/p>\n<p style=\"font-weight: 400;\">Google Analytics :<\/p>\n<p style=\"font-weight: 400;\">Google Analytics est un service d'analyse du Web fourni par Google, Inc, une soci\u00e9t\u00e9 du Delaware dont le si\u00e8ge social est situ\u00e9 au 1600 Amphitheatre Parkway, Mountain View (Californie), CA 94043, \u00c9tats-Unis (\"Google\").<\/p>\n<p style=\"font-weight: 400;\">Google Analytics utilise des \"cookies\", qui sont des fichiers texte plac\u00e9s sur votre ordinateur, pour aider le site internet \u00e0 analyser l'utilisation du site par ses utilisateurs.<\/p>\n<p style=\"font-weight: 400;\">Les informations g\u00e9n\u00e9r\u00e9es par le cookie concernant votre utilisation du site (y compris votre adresse IP) seront transmises et stock\u00e9es par Google. Google utilisera ces informations pour notre compte dans le but d'\u00e9valuer votre utilisation du site, de compiler des rapports sur l'activit\u00e9 du site \u00e0 destination de son \u00e9diteur et de fournir d'autres services relatifs \u00e0 l'activit\u00e9 du site et \u00e0 l'utilisation d'Internet.<\/p>\n<p style=\"font-weight: 400;\">Google peut \u00e9galement transf\u00e9rer ces informations \u00e0 des tiers lorsque la loi l'exige ou lorsque ces tiers traitent ces informations pour le compte de Google. Google n'associera pas votre adresse IP \u00e0 d'autres donn\u00e9es d\u00e9tenues par Google.<\/p>\n<p style=\"font-weight: 400;\">En tant qu'utilisateur, et dans l'exercice de vos droits, vous pouvez refuser le traitement des donn\u00e9es ou des informations en rejetant l'utilisation de cookies en s\u00e9lectionnant les param\u00e8tres appropri\u00e9s de votre navigateur ; veuillez toutefois noter que, dans ce cas, vous ne pourrez peut-\u00eatre pas utiliser toutes les fonctionnalit\u00e9s de ce site web.<\/p>\n<p style=\"font-weight: 400;\">En utilisant ce site Internet, conform\u00e9ment aux informations fournies dans la pr\u00e9sente politique de confidentialit\u00e9, vous acceptez le traitement des donn\u00e9es par Google de la mani\u00e8re et aux fins indiqu\u00e9es.<\/p>\n<p style=\"font-weight: 400;\">Pour plus d'informations, veuillez consulter les r\u00e8gles de confidentialit\u00e9 de Google \u00e0 l'adresse https:\/\/www.google.com\/intl\/es\/policies\/privacy\/.<\/p>\n<p style=\"font-weight: 400;\">Google Adsense :<\/p>\n<p style=\"font-weight: 400;\">Google, en tant que fournisseur tiers, utilise des cookies pour diffuser des annonces sur ce site web. Vous pouvez d\u00e9sactiver l'utilisation du cookie DART en consultant les r\u00e8gles de confidentialit\u00e9 du r\u00e9seau d'annonces et de contenu de Google : https:\/\/www.google.com\/intl\/es\/policies\/privacy\/.<\/p>\n<p style=\"font-weight: 400;\">Google fait appel \u00e0 des soci\u00e9t\u00e9s de publicit\u00e9 tierces pour diffuser des annonces lorsque vous visitez notre site web. Ces soci\u00e9t\u00e9s peuvent utiliser les informations recueillies lors de vos visites sur ce site et d'autres sites (\u00e0 l'exception de votre nom, adresse, adresse e-mail ou num\u00e9ro de t\u00e9l\u00e9phone) pour vous proposer des publicit\u00e9s sur des produits et services susceptibles de vous int\u00e9resser.<\/p>\n<p style=\"font-weight: 400;\">En utilisant ce site web, vous consentez au traitement des donn\u00e9es vous concernant par Google de la mani\u00e8re et dans le but d\u00e9crits ci-dessus.<\/p>\n<p style=\"font-weight: 400;\">Pour en savoir plus sur notre utilisation des cookies et nos pratiques en mati\u00e8re de collecte d'informations, ainsi que sur les proc\u00e9dures d'acceptation ou de refus, veuillez consulter notre POLITIQUE RELATIVE AUX COOKIES.<\/p>\n\n<h2>LES MESURES DE S\u00c9CURIT\u00c9<\/h2>\n<p style=\"font-weight: 400;\">En tant que propri\u00e9taire du site web, Josefa Maria a adopt\u00e9 toutes les mesures techniques et organisationnelles n\u00e9cessaires pour garantir la s\u00e9curit\u00e9 et l'int\u00e9grit\u00e9 des donn\u00e9es personnelles qu'elle traite, ainsi que pour \u00e9viter leur perte, leur alt\u00e9ration et\/ou leur acc\u00e8s par des tiers non autoris\u00e9s.<\/p>\n<p style=\"font-weight: 400;\">Nous vous rappelons que, pour plus d'informations, vous pouvez consulter nos pages Mentions l\u00e9gales et Politique en mati\u00e8re de cookies.<\/p>\t\t\t\t\t\t\t\t<\/div>\n\t\t\t\t<\/div>\n\t\t\t\t\t<\/div>\n\t\t<\/div>\n\t\t\t\t\t<\/div>\n\t\t<\/section>\n\t\t\t\t<\/div>","protected":false},"excerpt":{"rendered":"<p>Politique de confidentialit\u00e9 Si vous \u00eates ici, c'est que vous souhaitez en savoir plus sur vos obligations et vos droits en tant qu'utilisateur de ce site web https:\/\/lecotedanse.com\/ et c'est tr\u00e8s bien ainsi. Notre devoir est de vous informer et le v\u00f4tre est d'\u00eatre d\u00fbment inform\u00e9. Dans cette politique de confidentialit\u00e9, nous vous informons en toute transparence de la finalit\u00e9 de ce site web et des ... <a title=\"Politique de confidentialit\u00e9\" class=\"read-more\" href=\"https:\/\/lecotedanse.com\/fr\/politique-de-confidentialite\/\" aria-label=\"En savoir plus sur la politique de confidentialit\u00e9\">Lire la suite<\/a><\/p>","protected":false},"author":1,"featured_media":0,"parent":0,"menu_order":0,"comment_status":"closed","ping_status":"closed","template":"elementor_header_footer","meta":{"footnotes":""},"class_list":["post-888","page","type-page","status-publish"],"_links":{"self":[{"href":"https:\/\/lecotedanse.com\/fr\/wp-json\/wp\/v2\/pages\/888","targetHints":{"allow":["GET"]}}],"collection":[{"href":"https:\/\/lecotedanse.com\/fr\/wp-json\/wp\/v2\/pages"}],"about":[{"href":"https:\/\/lecotedanse.com\/fr\/wp-json\/wp\/v2\/types\/page"}],"author":[{"embeddable":true,"href":"https:\/\/lecotedanse.com\/fr\/wp-json\/wp\/v2\/users\/1"}],"replies":[{"embeddable":true,"href":"https:\/\/lecotedanse.com\/fr\/wp-json\/wp\/v2\/comments?post=888"}],"version-history":[{"count":0,"href":"https:\/\/lecotedanse.com\/fr\/wp-json\/wp\/v2\/pages\/888\/revisions"}],"wp:attachment":[{"href":"https:\/\/lecotedanse.com\/fr\/wp-json\/wp\/v2\/media?parent=888"}],"curies":[{"name":"wp","href":"https:\/\/api.w.org\/{rel}","templated":true}]}}