{"id":877,"date":"2021-12-23T17:07:10","date_gmt":"2021-12-23T17:07:10","guid":{"rendered":"https:\/\/lecotedanse.com\/?page_id=877"},"modified":"2023-07-24T11:16:22","modified_gmt":"2023-07-24T11:16:22","slug":"aviso-legal","status":"publish","type":"page","link":"https:\/\/lecotedanse.com\/fr\/avis-juridique\/","title":{"rendered":"Avis juridique"},"content":{"rendered":"<div data-elementor-type=\"wp-page\" data-elementor-id=\"877\" class=\"elementor elementor-877\" data-elementor-post-type=\"page\">\n\t\t\t\t\t\t<section class=\"elementor-section elementor-top-section elementor-element elementor-element-29033e6 elementor-section-boxed elementor-section-height-default elementor-section-height-default\" data-id=\"29033e6\" data-element_type=\"section\" data-e-type=\"section\">\n\t\t\t\t\t\t<div class=\"elementor-container elementor-column-gap-default\">\n\t\t\t\t\t<div class=\"elementor-column elementor-col-100 elementor-top-column elementor-element elementor-element-90d93a9\" data-id=\"90d93a9\" data-element_type=\"column\" data-e-type=\"column\">\n\t\t\t<div class=\"elementor-widget-wrap elementor-element-populated\">\n\t\t\t\t\t\t<div class=\"elementor-element elementor-element-01bed17 elementor-widget elementor-widget-heading\" data-id=\"01bed17\" data-element_type=\"widget\" data-e-type=\"widget\" data-widget_type=\"heading.default\">\n\t\t\t\t<div class=\"elementor-widget-container\">\n\t\t\t\t\t<h1 class=\"elementor-heading-title elementor-size-default\">Avis juridique<\/h1>\t\t\t\t<\/div>\n\t\t\t\t<\/div>\n\t\t\t\t<div class=\"elementor-element elementor-element-1a434f1 elementor-widget elementor-widget-text-editor\" data-id=\"1a434f1\" data-element_type=\"widget\" data-e-type=\"widget\" data-widget_type=\"text-editor.default\">\n\t\t\t\t<div class=\"elementor-widget-container\">\n\t\t\t\t\t\t\t\t\tLe pr\u00e9sent avis juridique a pour objet de vous informer de vos droits et obligations en tant qu'utilisateur de ce site web. Vous y trouverez toutes les informations n\u00e9cessaires sur ce site, son activit\u00e9, les donn\u00e9es personnelles qu'il recueille et sa finalit\u00e9, ainsi que les r\u00e8gles d'utilisation qui r\u00e9gissent l'utilisation de ce site. Lorsque vous acc\u00e9dez \u00e0 ce site web https:\/\/www.lecotedanse.com, vous assumez la condition d'utilisateur, de sorte que le contenu de ces mentions l\u00e9gales vous concerne directement. Il est donc important que vous le lisiez pour dissiper vos doutes et conna\u00eetre les conditions que vous acceptez. Tout d'abord, sachez que ce site Web est conforme \u00e0 la r\u00e9glementation en vigueur en mati\u00e8re de protection des donn\u00e9es, dans le but de vous offrir les garanties, la s\u00e9curit\u00e9 et la transparence auxquelles vous avez droit en tant qu'utilisateur de ce site Web. Le RGPD (R\u00e8glement (UE) 2016\/679 du Parlement europ\u00e9en et du Conseil du 27 avril 2016 relatif \u00e0 la protection des personnes physiques) est le nouveau r\u00e8glement de l'Union europ\u00e9enne qui unifie la r\u00e9glementation du traitement des donn\u00e9es personnelles dans les diff\u00e9rents pays de l'UE. La LOPD (loi organique 15\/1999, du 13 d\u00e9cembre, sur la protection des donn\u00e9es \u00e0 caract\u00e8re personnel et d\u00e9cret royal 1720\/2007, du 21 d\u00e9cembre, r\u00e8glement pour le d\u00e9veloppement de la LOPD) qui r\u00e9glemente le traitement des donn\u00e9es \u00e0 caract\u00e8re personnel et les obligations que les responsables d'un site web ou d'un blog doivent assumer dans le cadre de la gestion de ces informations. La LSSI (loi 34\/2002, du 11 juillet, sur les services de la soci\u00e9t\u00e9 de l'information et le commerce \u00e9lectronique) qui r\u00e9glemente les transactions \u00e9conomiques par voie \u00e9lectronique, comme dans le cas de ce blog. DONN\u00c9ES D'IDENTIFICATION La responsable et propri\u00e9taire de ce site web est Josefa Mar\u00eda Ruiz Olmedo (ci-apr\u00e8s Josefa Mar\u00eda) - Nom : Josefa Mar\u00eda Ruiz Olmedo - NIF : 48847023Z - Si\u00e8ge social : Ronda Norte 16 5\u00bai, CP : 30009 - Activit\u00e9 du site web : distribution de contenus li\u00e9s \u00e0 la mode, publicit\u00e9 par \u00e9chantillonnage et vente en ligne de produits. E-mail : lecotedansemurcia@gmail.com Les donn\u00e9es que vous nous fournissez avec votre consentement, et conform\u00e9ment \u00e0 l'utilisation \u00e9tablie dans notre politique de confidentialit\u00e9, seront incorpor\u00e9es \u00e0 un fichier automatis\u00e9 d\u00fbment enregistr\u00e9 aupr\u00e8s de l'Agence espagnole de protection des donn\u00e9es, dont le responsable est : Josefa Mar\u00eda. Cela signifie que vos donn\u00e9es sont en s\u00e9curit\u00e9, conform\u00e9ment \u00e0 la loi.\n<h2><strong>R\u00c8GLES D'ACC\u00c8S AU SITE WEB<\/strong><\/h2>\nEn tant qu'utilisateur de notre site web, vous avez \u00e9galement une s\u00e9rie d'obligations : vous ne pouvez pas utiliser ce site web pour mener des activit\u00e9s contraires \u00e0 la loi, \u00e0 la morale, \u00e0 l'ordre public et, en g\u00e9n\u00e9ral, pour l'utiliser conform\u00e9ment aux conditions \u00e9nonc\u00e9es dans le pr\u00e9sent avis juridique. Vous ne pouvez pas r\u00e9aliser des activit\u00e9s de publicit\u00e9 ou d'exploitation commerciale en envoyant des messages sous une fausse identit\u00e9. Vous serez seul responsable de la v\u00e9racit\u00e9 et de l'exactitude du contenu que vous introduisez sur ce site web et des donn\u00e9es personnelles que vous fournissez aux fins \u00e9nonc\u00e9es dans notre politique de confidentialit\u00e9. Vous serez \u00e9galement seul responsable de l'ex\u00e9cution de tout type d'action ill\u00e9gale, nuisible, pr\u00e9judiciable et\/ou dommageable sur les sites de tiers vers lesquels nous pourrions vous renvoyer \u00e0 partir de ce site web pour le d\u00e9veloppement de notre activit\u00e9. En tant que responsable du site web, Josefa Mar\u00eda pourra interrompre le service de la page utilis\u00e9e par l'utilisateur et mettre fin imm\u00e9diatement \u00e0 la relation si elle d\u00e9tecte une utilisation du site web ou de l'un des services qui y sont propos\u00e9s pouvant \u00eatre consid\u00e9r\u00e9e comme contraire \u00e0 ce qui est exprim\u00e9 dans le pr\u00e9sent avis juridique.\u00a0<strong>UTILISATION DU SITE WEB ET DES DONN\u00c9ES DES UTILISATEURS<\/strong>\u00a0Tous les termes et conditions \u00e9nonc\u00e9s ci-dessous font partie du contenu contraignant entre LE COTE DANSE et l'UTILISATEUR dans le cadre de ce site web, \u00e9tant applicables \u00e0 la fois \u00e0 l'utilisation de ce site web et \u00e0 la conclusion de contrats par l'interm\u00e9diaire de ce site web. Elles remplacent toute formulation ant\u00e9rieure, \u00e0 l'exception de l'accord \u00e9crit entre LE COTE DANSE et l'UTILISATEUR ou le CONSOMMATEUR pour les accords ant\u00e9rieurs \u00e0 la pr\u00e9sente. Les produits LE COTE DANSE sont destin\u00e9s exclusivement \u00e0 la vente aux consommateurs finaux, personnes physiques ou morales, \u00e0 l'exclusion de tout revendeur ou interm\u00e9diaire agissant pour le compte d'un revendeur. En cons\u00e9quence, le client d\u00e9clare agir en tant que consommateur final et ne pas avoir l'intention d'en tirer un quelconque profit commercial ult\u00e9rieur ou de les revendre. En outre, chaque fois que LE CONSOMMATEUR effectuera un achat, il lui sera demand\u00e9 d'accepter les pr\u00e9sentes conditions g\u00e9n\u00e9rales. Ces conditions g\u00e9n\u00e9rales peuvent \u00eatre consult\u00e9es avant, sur le site web, via le lien CONDITIONS G\u00c9N\u00c9RALES ou au moment o\u00f9 il lui est demand\u00e9 de confirmer son acceptation. Pour proc\u00e9der \u00e0 l'acceptation, vous devez cocher la case \"J'ai lu et j'accepte les conditions g\u00e9n\u00e9rales ainsi que www.lecotedanse.com\".\n<h2><strong>\u00a0UTILISATION DU SITE WEB<\/strong><\/h2>\nPour acheter les produits offerts par LE COTE DANSE, il est n\u00e9cessaire de s'enregistrer en utilisant le formulaire disponible sur le site. L'utilisation des donn\u00e9es saisies par l'UTILISATEUR ainsi que l'utilisation de ces derni\u00e8res par des tiers rel\u00e8vent de la seule responsabilit\u00e9 de l'UTILISATEUR, qui est exon\u00e9r\u00e9 de toute responsabilit\u00e9 ou utilisation non autoris\u00e9e par des tiers de LE COTE DANSE. Si l'UTILISATEUR a des soup\u00e7ons fond\u00e9s quant \u00e0 l'utilisation malveillante de ses donn\u00e9es par des tiers, il devra en informer imm\u00e9diatement LE COTE DANSE de mani\u00e8re fiable \u00e0 travers l'adresse suivante lecotedansemurcia.com et proc\u00e9der \u00e0 la r\u00e9solution et\/ou \u00e0 la rectification dans les plus brefs d\u00e9lais, en respectant \u00e0 tout moment les dispositions de la Loi Organique 15\/1999, du 13 d\u00e9cembre, sur la Protection des Donn\u00e9es \u00e0 Caract\u00e8re Personnel. L'UTILISATEUR est tenu de faire bon usage du mat\u00e9riel et\/ou du contenu publi\u00e9 sur le site web de LE COTE DANSE, se r\u00e9servant ainsi toute action appropri\u00e9e en droit dans le cas o\u00f9 l'action de celui-ci porte atteinte ou nuit \u00e0 l'utilisation du site web par des tiers, \u00e0 l'image de marque ou \u00e0 tout autre susceptible de g\u00e9n\u00e9rer des dommages, et de ne pas introduire ou diffuser de virus informatiques susceptibles de provoquer des alt\u00e9rations non autoris\u00e9es des contenus ou des syst\u00e8mes composant LE COTE DANSE. LE COTE DANSE se r\u00e9serve le droit de refuser l'acc\u00e8s au site Web ou m\u00eame d'annuler les commandes des utilisateurs qui abusent des contenus et\/ou enfreignent l'une des conditions figurant dans le pr\u00e9sent document.\n<h2><strong>LES OFFRES DE COMMUNICATION ET LES PROMOTIONS<\/strong><\/h2>\n<strong>\u00a0<\/strong>\u00a0Toute promotion, offre et\/ou communication faite par LE COTE DANSE par des moyens \u00e9lectroniques devra \u00e0 tout moment identifier LE COTE DANSE comme l'offrant et en cas de doute sur l'origine des communications re\u00e7ues en tant que LE COTE DANSE, l'UTILISATEUR\/CONSOMMATEUR devra contacter l'adresse \u00e9lectronique suivante lecotedansemurcia@gmail.com. LE COTE DANSE informe et l'UTILISATEUR\/CONSOMMATEUR consent \u00e0 recevoir des communications publicitaires ou promotionnelles par courrier \u00e9lectronique ou tout autre moyen \u00e9quivalent de communication \u00e9lectronique de la part de LE COTE DANSE et relatives aux produits de LE COTE DANSE. L'UTILISATEUR peut r\u00e9voquer \u00e0 tout moment le consentement donn\u00e9 dans la section pr\u00e9c\u00e9dente en envoyant simplement un courrier \u00e9lectronique \u00e0 efecto.lecotedansemurcia@gmail.com, qui est disponible dans chacune des communications, offres et promotions qu'il re\u00e7oit.\n<h2><strong>PROPRI\u00c9T\u00c9 INTELLECTUELLE ET INDUSTRIELLE<\/strong><\/h2>\nL'ensemble de ce site Web (textes, images, marques, graphiques, logos, boutons, fichiers logiciels, combinaisons de couleurs, ainsi que la structure, la s\u00e9lection, la disposition et la pr\u00e9sentation de ses contenus) est prot\u00e9g\u00e9 par les lois en vigueur sur la propri\u00e9t\u00e9 intellectuelle et industrielle, et sa reproduction, sa distribution, sa communication publique et sa transformation sont interdites, \u00e0 l'exception d'un usage personnel et priv\u00e9. En tant que propri\u00e9taire de ce site, Josefa Mar\u00eda ne garantit pas que les contenus soient exacts ou exempts d'erreurs, ni que leur libre utilisation par les utilisateurs n'enfreigne pas les droits de tiers. Le bon ou le mauvais usage de cette page et de ses contenus rel\u00e8ve de la responsabilit\u00e9 de l'utilisateur. De m\u00eame, la reproduction, la retransmission, la copie, le transfert ou la rediffusion, en tout ou en partie, des informations contenues dans la page, quels que soient leur finalit\u00e9 et les moyens utilis\u00e9s pour ce faire, sont interdits sans l'autorisation pr\u00e9alable de Josefa Maria.\n<h2><strong>LIENS<\/strong><\/h2>\nCe site web comprend des liens vers des sites de tiers. Les pages appartenant \u00e0 ces tiers n'ont pas \u00e9t\u00e9 examin\u00e9es et ne font pas l'objet de contr\u00f4les de notre part, de sorte que Josefa Mar\u00eda ne peut \u00eatre tenue responsable du contenu de ces sites Web, ni des mesures prises en ce qui concerne votre vie priv\u00e9e ou le traitement de vos donn\u00e9es personnelles ou de toute autre donn\u00e9e susceptible d'appara\u00eetre. Par cons\u00e9quent, nous vous recommandons de lire attentivement les conditions d'utilisation, la politique de confidentialit\u00e9, les avis juridiques et\/ou similaires de ces sites.\n<h2><strong>LIMITATION DE LA RESPONSABILIT\u00c9<\/strong><\/h2>\nDans l'exercice de son droit de propri\u00e9taire de ce site Web, nous vous informons que Josefa Mar\u00eda n'est en aucun cas responsable de ce qui suit : La qualit\u00e9 du service, la vitesse d'acc\u00e8s, le bon fonctionnement ou la disponibilit\u00e9 ou la continuit\u00e9 du fonctionnement de la page. L'existence de virus, de logiciels malveillants, de programmes malveillants ou nuisibles dans les contenus. Les contenus ill\u00e9gaux, n\u00e9gligents, frauduleux ou contraires aux pr\u00e9sentes mentions l\u00e9gales. Le manque de l\u00e9galit\u00e9, de qualit\u00e9, de fiabilit\u00e9, d'utilit\u00e9 et de disponibilit\u00e9 des services fournis par des tiers et mis \u00e0 la disposition des utilisateurs sur ce site web. Les dommages pouvant d\u00e9couler de l'utilisation ill\u00e9gale ou inappropri\u00e9e de ce blog.\n<h2><strong>POLITIQUE DE CONFIDENTIALIT\u00c9 ET DE PROTECTION DES DONN\u00c9ES<\/strong><\/h2>\nCe site Web est conforme \u00e0 la l\u00e9gislation en vigueur en mati\u00e8re de protection des donn\u00e9es, ce qui signifie qu'en tant qu'utilisateur, vous devez donner votre consentement expr\u00e8s avant de nous fournir des donn\u00e9es \u00e0 caract\u00e8re personnel par le biais des diff\u00e9rents formulaires mis \u00e0 disposition dans les sections de notre site Web. \u00c0 cette fin, dans un souci de transparence et d'exercice de vos droits, nous avons le devoir de vous informer sur les donn\u00e9es personnelles que nous collectons, conservons et traitons et \u00e0 quelles fins, et vous pouvez librement r\u00e9voquer votre consentement \u00e0 tout moment. Toutes ces informations figurent dans notre POLITIQUE DE CONFIDENTIALIT\u00c9.\u00a0<strong>POLITIQUE EN MATI\u00c8RE DE COOKIES<\/strong>\u00a0Comme nous vous en informons d\u00e8s que vous acc\u00e9dez \u00e0 notre site web, ce site utilise ses propres cookies et ceux de tiers afin de vous offrir la meilleure exp\u00e9rience utilisateur et de d\u00e9velopper notre activit\u00e9. A tout moment, vous aurez la possibilit\u00e9 de configurer votre navigateur pour refuser l'utilisation de ces cookies qui, dans certains cas, affecteront votre exp\u00e9rience d'utilisateur. Pour obtenir des informations compl\u00e8tes sur l'utilisation des cookies sur ce site web, leur finalit\u00e9 et la mani\u00e8re de les refuser, vous pouvez consulter notre POLITIQUE EN MATI\u00c8RE DE COOKIES.\n<h2><strong>\u00a0MARCH\u00c9S PUBLICS \u00c9LECTRONIQUES<\/strong><\/h2>\n<h3><strong>TYPE DE CONTRAT. LE LIEU D'EX\u00c9CUTION.<\/strong><\/h3>\nConform\u00e9ment aux dispositions de l'article 23 de la Loi 34\/2002 du 11 juillet 2002 sur les services de la soci\u00e9t\u00e9 de l'information et le commerce \u00e9lectronique, les contrats conclus entre LE COTE DANSE et l'UTILISATEUR seront consid\u00e9r\u00e9s comme des contrats conclus par voie \u00e9lectronique et, en tant que tels, seront r\u00e9gis par les dispositions du Code civil, du Code de commerce, du Texte consolid\u00e9 pour la d\u00e9fense des consommateurs et des utilisateurs, de la Loi sur les services de la soci\u00e9t\u00e9 de l'information, ainsi que de toute autre loi applicable, produisant tous les effets pr\u00e9vus dans le syst\u00e8me juridique espagnol par la concomitance du consentement. Le consentement est donn\u00e9 lorsque LE COTE DANSE envoie \u00e0 l'UTILISATEUR\/CONSOMMATEUR un accus\u00e9 de r\u00e9ception \u00e9lectronique de la commande et que l'UTILISATEUR\/CONSOMMATEUR ne refuse pas la commande de bonne foi, conform\u00e9ment aux dispositions de l'article 28.1 de la loi 34\/2002 du 11 juillet 2002 relative aux services de la soci\u00e9t\u00e9 de l'information et au commerce \u00e9lectronique. Dans ce cas, le contrat est pr\u00e9sum\u00e9 avoir \u00e9t\u00e9 conclu au lieu o\u00f9 le CONSOMMATEUR a sa r\u00e9sidence habituelle.\n<h3><strong>VALIDIT\u00c9 ET DUR\u00c9E DES PR\u00c9SENTES CONDITIONS G\u00c9N\u00c9RALES<\/strong><\/h3>\nSi l'une des conditions \u00e9nonc\u00e9es dans les pr\u00e9sentes clauses devait \u00eatre d\u00e9clar\u00e9e nulle et non avenue, les autres conditions resteraient en vigueur et seraient interpr\u00e9t\u00e9es en tenant compte du contenu global des autres clauses. Les informations figurant sur ce Site sont \u00e0 jour \u00e0 la date de leur derni\u00e8re mise \u00e0 jour. LE COTE DANSE se r\u00e9serve le droit de modifier unilat\u00e9ralement les pr\u00e9sentes Conditions g\u00e9n\u00e9rales, ainsi que sa politique de confidentialit\u00e9 et toute autre information. L'entr\u00e9e en vigueur de toute modification des clauses sera effective \u00e0 compter de sa publication.\n<h3><strong>CLAUSE DE FERMETURE<\/strong><\/h3>\nLE COTE DANSE n'est pas responsable, en aucun cas, des dommages de toute nature qui peuvent causer, mais sans s'y limiter : des erreurs ou des omissions dans le contenu, le manque de disponibilit\u00e9 du portail ou la transmission de virus ou de programmes malveillants ou nuisibles dans le contenu, bien qu'ayant pris toutes les mesures technologiques n\u00e9cessaires pour l'emp\u00eacher.\n<h3><strong>DROIT APPLICABLE ET JURIDICTION COMP\u00c9TENTE<\/strong><\/h3>\nLe pr\u00e9sent avis juridique est soumis \u00e0 la l\u00e9gislation espagnole en vigueur. Le cas \u00e9ch\u00e9ant, en cas de litige, Josefa Mar\u00eda et l'utilisateur, renon\u00e7ant express\u00e9ment \u00e0 toute autre juridiction, se soumettront aux cours et tribunaux du domicile de l'utilisateur pour tout litige pouvant survenir. Si l'utilisateur est domicili\u00e9 en dehors de l'Espagne, Josefa Mar\u00eda et l'utilisateur se soumettront, en renon\u00e7ant express\u00e9ment \u00e0 toute autre juridiction, aux cours et tribunaux de Murcie (Espagne). Si vous avez des questions concernant cet avis juridique, vous pouvez envoyer un courriel \u00e0 lecotedansemurcia@gmail.com.\t\t\t\t\t\t\t\t<\/div>\n\t\t\t\t<\/div>\n\t\t\t\t\t<\/div>\n\t\t<\/div>\n\t\t\t\t\t<\/div>\n\t\t<\/section>\n\t\t\t\t<\/div>","protected":false},"excerpt":{"rendered":"<p>Mentions l\u00e9gales Les pr\u00e9sentes mentions l\u00e9gales ont pour but de vous informer de vos droits et obligations en tant qu'utilisateur de ce site web. Vous y trouverez toutes les informations n\u00e9cessaires sur ce site, son activit\u00e9, les donn\u00e9es personnelles qu'il collecte et sa finalit\u00e9, ainsi que les r\u00e8gles d'utilisation qui r\u00e9gissent l'utilisation de ce site. ... <a title=\"Avis juridique\" class=\"read-more\" href=\"https:\/\/lecotedanse.com\/fr\/avis-juridique\/\" aria-label=\"Plus d&#039;informations sur les mentions l\u00e9gales\">Lire la suite<\/a><\/p>","protected":false},"author":1,"featured_media":0,"parent":0,"menu_order":0,"comment_status":"closed","ping_status":"closed","template":"elementor_header_footer","meta":{"footnotes":""},"class_list":["post-877","page","type-page","status-publish"],"_links":{"self":[{"href":"https:\/\/lecotedanse.com\/fr\/wp-json\/wp\/v2\/pages\/877","targetHints":{"allow":["GET"]}}],"collection":[{"href":"https:\/\/lecotedanse.com\/fr\/wp-json\/wp\/v2\/pages"}],"about":[{"href":"https:\/\/lecotedanse.com\/fr\/wp-json\/wp\/v2\/types\/page"}],"author":[{"embeddable":true,"href":"https:\/\/lecotedanse.com\/fr\/wp-json\/wp\/v2\/users\/1"}],"replies":[{"embeddable":true,"href":"https:\/\/lecotedanse.com\/fr\/wp-json\/wp\/v2\/comments?post=877"}],"version-history":[{"count":0,"href":"https:\/\/lecotedanse.com\/fr\/wp-json\/wp\/v2\/pages\/877\/revisions"}],"wp:attachment":[{"href":"https:\/\/lecotedanse.com\/fr\/wp-json\/wp\/v2\/media?parent=877"}],"curies":[{"name":"wp","href":"https:\/\/api.w.org\/{rel}","templated":true}]}}