{"id":2659,"date":"2022-09-21T06:37:07","date_gmt":"2022-09-21T06:37:07","guid":{"rendered":"https:\/\/lecotedanse.com\/?page_id=2659"},"modified":"2023-07-24T11:03:50","modified_gmt":"2023-07-24T11:03:50","slug":"festivales","status":"publish","type":"page","link":"https:\/\/lecotedanse.com\/fr\/festivals\/","title":{"rendered":"Festivals"},"content":{"rendered":"<div data-elementor-type=\"wp-page\" data-elementor-id=\"2659\" class=\"elementor elementor-2659\" data-elementor-post-type=\"page\">\n\t\t\t\t\t\t<section class=\"elementor-section elementor-top-section elementor-element elementor-element-4957f36 elementor-section-boxed elementor-section-height-default elementor-section-height-default\" data-id=\"4957f36\" data-element_type=\"section\" data-e-type=\"section\" data-settings=\"{&quot;background_background&quot;:&quot;classic&quot;}\">\n\t\t\t\t\t\t<div class=\"elementor-container elementor-column-gap-default\">\n\t\t\t\t\t<div class=\"elementor-column elementor-col-100 elementor-top-column elementor-element elementor-element-52ae797\" data-id=\"52ae797\" data-element_type=\"column\" data-e-type=\"column\">\n\t\t\t<div class=\"elementor-widget-wrap elementor-element-populated\">\n\t\t\t\t\t\t<div class=\"elementor-element elementor-element-7a90490 elementor-widget elementor-widget-spacer\" data-id=\"7a90490\" data-element_type=\"widget\" data-e-type=\"widget\" data-widget_type=\"spacer.default\">\n\t\t\t\t<div class=\"elementor-widget-container\">\n\t\t\t\t\t\t\t<div class=\"elementor-spacer\">\n\t\t\t<div class=\"elementor-spacer-inner\"><\/div>\n\t\t<\/div>\n\t\t\t\t\t\t<\/div>\n\t\t\t\t<\/div>\n\t\t\t\t\t<\/div>\n\t\t<\/div>\n\t\t\t\t\t<\/div>\n\t\t<\/section>\n\t\t\t\t<section class=\"elementor-section elementor-top-section elementor-element elementor-element-3bcfb09 elementor-section-boxed elementor-section-height-default elementor-section-height-default\" data-id=\"3bcfb09\" data-element_type=\"section\" data-e-type=\"section\">\n\t\t\t\t\t\t<div class=\"elementor-container elementor-column-gap-default\">\n\t\t\t\t\t<div class=\"elementor-column elementor-col-50 elementor-top-column elementor-element elementor-element-6a06472\" data-id=\"6a06472\" data-element_type=\"column\" data-e-type=\"column\">\n\t\t\t<div class=\"elementor-widget-wrap elementor-element-populated\">\n\t\t\t\t\t\t<div class=\"elementor-element elementor-element-f8a4975 elementor-invisible elementor-widget elementor-widget-heading\" data-id=\"f8a4975\" data-element_type=\"widget\" data-e-type=\"widget\" data-settings=\"{&quot;_animation&quot;:&quot;fadeInUp&quot;}\" data-widget_type=\"heading.default\">\n\t\t\t\t<div class=\"elementor-widget-container\">\n\t\t\t\t\t<h1 class=\"elementor-heading-title elementor-size-default\">Festivals et spectacles de danse : passion et art vivant<\/h1>\t\t\t\t<\/div>\n\t\t\t\t<\/div>\n\t\t\t\t<div class=\"elementor-element elementor-element-539ef39 elementor-widget elementor-widget-heading\" data-id=\"539ef39\" data-element_type=\"widget\" data-e-type=\"widget\" data-widget_type=\"heading.default\">\n\t\t\t\t<div class=\"elementor-widget-container\">\n\t\t\t\t\t<h2 class=\"elementor-heading-title elementor-size-default\">Offres sp\u00e9ciales et conception sur mesure pour les conservatoires et les entreprises<\/h2>\t\t\t\t<\/div>\n\t\t\t\t<\/div>\n\t\t\t\t<div class=\"elementor-element elementor-element-202a4f6 elementor-invisible elementor-widget elementor-widget-text-editor\" data-id=\"202a4f6\" data-element_type=\"widget\" data-e-type=\"widget\" data-settings=\"{&quot;_animation&quot;:&quot;fadeIn&quot;,&quot;_animation_delay&quot;:450}\" data-widget_type=\"text-editor.default\">\n\t\t\t\t<div class=\"elementor-widget-container\">\n\t\t\t\t\t\t\t\t\t<p>Conservatoires, acad\u00e9mies et \u00e9coles de danse, compagnies de danse, clubs de flamenco, \u00e9coles, etc...<\/p><p>Contactez-nous et nous vous proposerons des conditions sp\u00e9ciales pour les mat\u00e9riaux et les v\u00eatements, ainsi que pour les services suivants <u>des r\u00e9ductions importantes.<\/u><\/p><p><strong>Nous concevons aussi !<\/strong> Nous disposons d'une \u00e9quipe d'experts pour la conception et l'\u00e9laboration de toutes sortes de costumes pour tout type de spectacle et d'une grande exp\u00e9rience dans les festivals et les repr\u00e9sentations.<\/p><p>L'art n'a pas de limites, que vous ayez l'id\u00e9e ou non, contactez-nous, nous vous accompagnerons tout au long du processus, en vous offrant un traitement sp\u00e9cial et personnalis\u00e9.<\/p><p>Nous nous adaptons \u00e0 vos besoins.<\/p>\t\t\t\t\t\t\t\t<\/div>\n\t\t\t\t<\/div>\n\t\t\t\t\t<\/div>\n\t\t<\/div>\n\t\t\t\t<div class=\"elementor-column elementor-col-50 elementor-top-column elementor-element elementor-element-3570fdd\" data-id=\"3570fdd\" data-element_type=\"column\" data-e-type=\"column\">\n\t\t\t<div class=\"elementor-widget-wrap elementor-element-populated\">\n\t\t\t\t\t\t<div class=\"elementor-element elementor-element-f7777fc elementor-widget elementor-widget-spacer\" data-id=\"f7777fc\" data-element_type=\"widget\" data-e-type=\"widget\" data-widget_type=\"spacer.default\">\n\t\t\t\t<div class=\"elementor-widget-container\">\n\t\t\t\t\t\t\t<div class=\"elementor-spacer\">\n\t\t\t<div class=\"elementor-spacer-inner\"><\/div>\n\t\t<\/div>\n\t\t\t\t\t\t<\/div>\n\t\t\t\t<\/div>\n\t\t\t\t\t<\/div>\n\t\t<\/div>\n\t\t\t\t\t<\/div>\n\t\t<\/section>\n\t\t\t\t<section class=\"elementor-section elementor-top-section elementor-element elementor-element-2c1dd2e elementor-section-boxed elementor-section-height-default elementor-section-height-default\" data-id=\"2c1dd2e\" data-element_type=\"section\" data-e-type=\"section\">\n\t\t\t\t\t\t<div class=\"elementor-container elementor-column-gap-default\">\n\t\t\t\t\t<div class=\"elementor-column elementor-col-50 elementor-top-column elementor-element elementor-element-40ab314\" data-id=\"40ab314\" data-element_type=\"column\" data-e-type=\"column\">\n\t\t\t<div class=\"elementor-widget-wrap elementor-element-populated\">\n\t\t\t\t\t\t<div class=\"elementor-element elementor-element-8ae2d48 elementor-widget elementor-widget-jet-button\" data-id=\"8ae2d48\" data-element_type=\"widget\" data-e-type=\"widget\" data-widget_type=\"jet-button.default\">\n\t\t\t\t<div class=\"elementor-widget-container\">\n\t\t\t\t\t<div class=\"elementor-jet-button jet-elements\"><div class=\"jet-button__container\">\n\t<a class=\"jet-button__instance jet-button__instance--icon-left hover-effect-2\" href=\"tel: 34635772652\">\n\t\t<div class=\"jet-button__plane jet-button__plane-normal\"><\/div>\n\t\t<div class=\"jet-button__plane jet-button__plane-hover\"><\/div>\n\t\t<div class=\"jet-button__state jet-button__state-normal\">\n\t\t\t<span class=\"jet-button__icon jet-elements-icon\"><svg xmlns=\"http:\/\/www.w3.org\/2000\/svg\" viewbox=\"0 0 100 100\"><switch><g><path d=\"M5273.1,2400.1v-2c0-2.8-5-4-9.7-4s-9.7,1.3-9.7,4v2c0,1.8,0.7,3.6,2,4.9l5,4.9c0.3,0.3,0.4,0.6,0.4,1v6.4     c0,0.4,0.2,0.7,0.6,0.8l2.9,0.9c0.5,0.1,1-0.2,1-0.8v-7.2c0-0.4,0.2-0.7,0.4-1l5.1-5C5272.4,2403.7,5273.1,2401.9,5273.1,2400.1z      M5263.4,2400c-4.8,0-7.4-1.3-7.5-1.8v0c0.1-0.5,2.7-1.8,7.5-1.8c4.8,0,7.3,1.3,7.5,1.8C5270.7,2398.7,5268.2,2400,5263.4,2400z\"><\/path><path d=\"M5268.4 2410.3c-.6 0-1 .4-1 1 0 .6.4 1 1 1h4.3c.6 0 1-.4 1-1 0-.6-.4-1-1-1H5268.4zM5272.7 2413.7h-4.3c-.6 0-1 .4-1 1 0 .6.4 1 1 1h4.3c.6 0 1-.4 1-1C5273.7 2414.1 5273.3 2413.7 5272.7 2413.7zM5272.7 2417h-4.3c-.6 0-1 .4-1 1 0 .6.4 1 1 1h4.3c.6 0 1-.4 1-1C5273.7 2417.5 5273.3 2417 5272.7 2417zM94 71.5l-19.4-10c-2.7-1.4-6.1-.7-8 1.7l-7.1 9.1c-6.9-3.7-12.2-7.3-18.3-13.4-6.5-6.5-10-11.9-13.6-18.6l9-7c2.4-1.9 3.2-5.3 1.7-8L28.4 6c-1.8-3.4-6.1-4.5-9.2-2.4L6.8 11.8C4 13.7 2.4 17 2.6 20.4c.2 3.5.7 7.9 1.5 11 3.6 13.8 12.2 28.1 24.3 40.2C40.5 83.8 54.8 92.4 68.6 96c3.1.8 7.5 1.2 11.1 1.5 3.5.2 6.8-1.5 8.7-4.4l8-12.5C98.5 77.4 97.3 73.2 94 71.5z\"><\/path><\/g><\/switch><\/svg><\/span><span class=\"jet-button__label\">Appelez-nous au<\/span>\t\t<\/div>\n\t\t<div class=\"jet-button__state jet-button__state-hover\">\n\t\t\t<span class=\"jet-button__label\">635 772 652<\/span>\t\t<\/div>\n\t<\/a>\n<\/div>\n<\/div>\t\t\t\t<\/div>\n\t\t\t\t<\/div>\n\t\t\t\t\t<\/div>\n\t\t<\/div>\n\t\t\t\t<div class=\"elementor-column elementor-col-50 elementor-top-column elementor-element elementor-element-41564f6\" data-id=\"41564f6\" data-element_type=\"column\" data-e-type=\"column\">\n\t\t\t<div class=\"elementor-widget-wrap elementor-element-populated\">\n\t\t\t\t\t\t<div class=\"elementor-element elementor-element-95a8b38 elementor-widget elementor-widget-jet-button\" data-id=\"95a8b38\" data-element_type=\"widget\" data-e-type=\"widget\" data-widget_type=\"jet-button.default\">\n\t\t\t\t<div class=\"elementor-widget-container\">\n\t\t\t\t\t<div class=\"elementor-jet-button jet-elements\"><div class=\"jet-button__container\">\n\t<a class=\"jet-button__instance jet-button__instance--icon-left hover-effect-2\" href=\"mailto:info@lecotedanse.com?subject=Nuevo mensaje de Festivales y actuaciones\">\n\t\t<div class=\"jet-button__plane jet-button__plane-normal\"><\/div>\n\t\t<div class=\"jet-button__plane jet-button__plane-hover\"><\/div>\n\t\t<div class=\"jet-button__state jet-button__state-normal\">\n\t\t\t<span class=\"jet-button__icon jet-elements-icon\"><svg xmlns=\"http:\/\/www.w3.org\/2000\/svg\" viewbox=\"0 0 28 28\"><path d=\"M14.6,14.3L24.9,6c-0.5-0.5-1.2-0.7-1.9-0.7H5C4.3,5.3,3.6,5.6,3,6l10.4,8.3C13.8,14.5,14.2,14.5,14.6,14.3z\"><\/path><path d=\"M15.8,15.9c-0.6,0.4-1.2,0.6-1.8,0.6c-0.6,0-1.2-0.2-1.7-0.5L2,7.8C2,8,2,8.1,2,8.3v11.4c0,1.7,1.3,3,3,3h18c1.7,0,3-1.3,3-3V8.3c0-0.2,0-0.4-0.1-0.5L15.8,15.9z\"><\/path><\/svg><\/span><span class=\"jet-button__label\">\u00c9crivez-nous \u00e0 l'adresse suivante<\/span>\t\t<\/div>\n\t\t<div class=\"jet-button__state jet-button__state-hover\">\n\t\t\t<span class=\"jet-button__label\">info@lecotedanse.com<\/span>\t\t<\/div>\n\t<\/a>\n<\/div>\n<\/div>\t\t\t\t<\/div>\n\t\t\t\t<\/div>\n\t\t\t\t\t<\/div>\n\t\t<\/div>\n\t\t\t\t\t<\/div>\n\t\t<\/section>\n\t\t\t\t<\/div>","protected":false},"excerpt":{"rendered":"<p>Festivals et spectacles de danse : passion et art vivant Offres sp\u00e9ciales et conception personnalis\u00e9e pour les conservatoires et les entreprises Conservatoires, acad\u00e9mies et \u00e9coles de danse, compagnies de danse, clubs de flamenco, \u00e9coles, etc... Contactez-nous et nous vous offrirons des conditions sp\u00e9ciales sur les mat\u00e9riaux et les v\u00eatements, ainsi que de grandes r\u00e9ductions. Nous concevons \u00e9galement des mod\u00e8les ! Nous disposons d'une \u00e9quipe ... <a title=\"Festivals\" class=\"read-more\" href=\"https:\/\/lecotedanse.com\/fr\/festivals\/\" aria-label=\"En savoir plus sur les festivals\">Lire la suite<\/a><\/p>","protected":false},"author":1,"featured_media":0,"parent":0,"menu_order":0,"comment_status":"closed","ping_status":"closed","template":"elementor_header_footer","meta":{"footnotes":""},"class_list":["post-2659","page","type-page","status-publish"],"_links":{"self":[{"href":"https:\/\/lecotedanse.com\/fr\/wp-json\/wp\/v2\/pages\/2659","targetHints":{"allow":["GET"]}}],"collection":[{"href":"https:\/\/lecotedanse.com\/fr\/wp-json\/wp\/v2\/pages"}],"about":[{"href":"https:\/\/lecotedanse.com\/fr\/wp-json\/wp\/v2\/types\/page"}],"author":[{"embeddable":true,"href":"https:\/\/lecotedanse.com\/fr\/wp-json\/wp\/v2\/users\/1"}],"replies":[{"embeddable":true,"href":"https:\/\/lecotedanse.com\/fr\/wp-json\/wp\/v2\/comments?post=2659"}],"version-history":[{"count":0,"href":"https:\/\/lecotedanse.com\/fr\/wp-json\/wp\/v2\/pages\/2659\/revisions"}],"wp:attachment":[{"href":"https:\/\/lecotedanse.com\/fr\/wp-json\/wp\/v2\/media?parent=2659"}],"curies":[{"name":"wp","href":"https:\/\/api.w.org\/{rel}","templated":true}]}}