{"id":1953671,"date":"2021-10-26T12:03:18","date_gmt":"2021-10-26T12:03:18","guid":{"rendered":"https:\/\/lecotedanse.com\/qui-sommes-nous\/"},"modified":"2024-01-08T11:45:28","modified_gmt":"2024-01-08T11:45:28","slug":"qui-sommes-nous","status":"publish","type":"page","link":"https:\/\/lecotedanse.com\/fr\/qui-sont-nous\/","title":{"rendered":"Qui sommes-nous ?"},"content":{"rendered":"<div data-elementor-type=\"wp-page\" data-elementor-id=\"1953671\" class=\"elementor elementor-1953671\" data-elementor-post-type=\"page\">\n\t\t\t\t\t\t<section class=\"elementor-section elementor-top-section elementor-element elementor-element-2870bb4 elementor-section-boxed elementor-section-height-default elementor-section-height-default\" data-id=\"2870bb4\" data-element_type=\"section\" data-e-type=\"section\">\n\t\t\t\t\t\t<div class=\"elementor-container elementor-column-gap-default\">\n\t\t\t\t\t<div class=\"elementor-column elementor-col-50 elementor-top-column elementor-element elementor-element-5e192e1\" data-id=\"5e192e1\" data-element_type=\"column\" data-e-type=\"column\">\n\t\t\t<div class=\"elementor-widget-wrap elementor-element-populated\">\n\t\t\t\t\t\t<div class=\"elementor-element elementor-element-f0a9b67 elementor-invisible elementor-widget elementor-widget-heading\" data-id=\"f0a9b67\" data-element_type=\"widget\" data-e-type=\"widget\" data-settings=\"{&quot;_animation&quot;:&quot;fadeInUp&quot;}\" data-widget_type=\"heading.default\">\n\t\t\t\t<div class=\"elementor-widget-container\">\n\t\t\t\t\t<h1 class=\"elementor-heading-title elementor-size-default\">Qui sommes-nous ? Experts en produits de danse<\/h1>\t\t\t\t<\/div>\n\t\t\t\t<\/div>\n\t\t\t\t<div class=\"elementor-element elementor-element-23e47c9 elementor-invisible elementor-widget elementor-widget-text-editor\" data-id=\"23e47c9\" data-element_type=\"widget\" data-e-type=\"widget\" data-settings=\"{&quot;_animation&quot;:&quot;fadeIn&quot;,&quot;_animation_delay&quot;:450}\" data-widget_type=\"text-editor.default\">\n\t\t\t\t<div class=\"elementor-widget-container\">\n\t\t\t\t\t\t\t\t\t<p style=\"text-align: left;\">Chez C\u00f4t\u00e9 Danse, nous disposons d'une \u00e9quipe de danseurs professionnels sp\u00e9cialis\u00e9s dans chacune des cat\u00e9gories que nous proposons sur le site.<\/p>\n<p>Nous sommes impliqu\u00e9es dans le monde de la danse depuis notre plus jeune \u00e2ge et nous voulons transmettre l'amour de l'art du mouvement, en aidant ceux qui ressentent la passion de la danse \u00e0 d\u00e9velopper leurs pas, de leurs d\u00e9buts \u00e0 leur professionnalisme, avec un costume et un \u00e9quipement qui soutiennent le mouvement et leur permettent d'ex\u00e9cuter des danses et des exercices avec confort et isolement.<\/p>\n<p>Pour ce faire, nous disposons d'une \u00e9quipe d'experts dans diff\u00e9rentes disciplines artistiques qui seront \u00e0 votre disposition pour r\u00e9pondre \u00e0 vos questions ou \u00e0 vos doutes, ainsi que pour vous apporter une valeur ajout\u00e9e dans le choix de chacun des v\u00eatements que nous proposons, afin de vous fournir les produits id\u00e9aux pour chaque sp\u00e9cialit\u00e9.<\/p>\n<p><span style=\"color: var( --e-global-color-text );\">Le C\u00f4t\u00e9 Danse<\/span><\/p>\t\t\t\t\t\t\t\t<\/div>\n\t\t\t\t<\/div>\n\t\t\t\t\t<\/div>\n\t\t<\/div>\n\t\t\t\t<div class=\"elementor-column elementor-col-50 elementor-top-column elementor-element elementor-element-2b91bfe\" data-id=\"2b91bfe\" data-element_type=\"column\" data-e-type=\"column\">\n\t\t\t<div class=\"elementor-widget-wrap elementor-element-populated\">\n\t\t\t\t\t\t<div class=\"elementor-element elementor-element-463182c elementor-widget elementor-widget-spacer\" data-id=\"463182c\" data-element_type=\"widget\" data-e-type=\"widget\" data-widget_type=\"spacer.default\">\n\t\t\t\t<div class=\"elementor-widget-container\">\n\t\t\t\t\t\t\t<div class=\"elementor-spacer\">\n\t\t\t<div class=\"elementor-spacer-inner\"><\/div>\n\t\t<\/div>\n\t\t\t\t\t\t<\/div>\n\t\t\t\t<\/div>\n\t\t\t\t\t<\/div>\n\t\t<\/div>\n\t\t\t\t\t<\/div>\n\t\t<\/section>\n\t\t\t\t<section class=\"elementor-section elementor-top-section elementor-element elementor-element-1bd28aa elementor-section-full_width elementor-section-height-default elementor-section-height-default\" data-id=\"1bd28aa\" data-element_type=\"section\" data-e-type=\"section\" data-settings=\"{&quot;background_background&quot;:&quot;classic&quot;}\">\n\t\t\t\t\t\t<div class=\"elementor-container elementor-column-gap-default\">\n\t\t\t\t\t<div class=\"elementor-column elementor-col-100 elementor-top-column elementor-element elementor-element-b11a313\" data-id=\"b11a313\" data-element_type=\"column\" data-e-type=\"column\">\n\t\t\t<div class=\"elementor-widget-wrap elementor-element-populated\">\n\t\t\t\t\t\t<div class=\"elementor-element elementor-element-521981f elementor-invisible elementor-widget elementor-widget-heading\" data-id=\"521981f\" data-element_type=\"widget\" data-e-type=\"widget\" data-settings=\"{&quot;_animation&quot;:&quot;fadeInUp&quot;}\" data-widget_type=\"heading.default\">\n\t\t\t\t<div class=\"elementor-widget-container\">\n\t\t\t\t\t<h2 class=\"elementor-heading-title elementor-size-default\">Votre boutique de confiance : Articles de danse<\/h2>\t\t\t\t<\/div>\n\t\t\t\t<\/div>\n\t\t\t\t<section class=\"elementor-section elementor-inner-section elementor-element elementor-element-951ce9d elementor-section-boxed elementor-section-height-default elementor-section-height-default\" data-id=\"951ce9d\" data-element_type=\"section\" data-e-type=\"section\">\n\t\t\t\t\t\t<div class=\"elementor-container elementor-column-gap-default\">\n\t\t\t\t\t<div class=\"elementor-column elementor-col-50 elementor-inner-column elementor-element elementor-element-b4b6cc5 animated-slow elementor-invisible\" data-id=\"b4b6cc5\" data-element_type=\"column\" data-e-type=\"column\" data-settings=\"{&quot;animation&quot;:&quot;fadeIn&quot;,&quot;animation_delay&quot;:400}\">\n\t\t\t<div class=\"elementor-widget-wrap elementor-element-populated\">\n\t\t\t\t\t\t<div class=\"elementor-element elementor-element-2cb07d0 elementor-widget elementor-widget-heading\" data-id=\"2cb07d0\" data-element_type=\"widget\" data-e-type=\"widget\" data-widget_type=\"heading.default\">\n\t\t\t\t<div class=\"elementor-widget-container\">\n\t\t\t\t\t<h3 class=\"elementor-heading-title elementor-size-default\">Notre exp\u00e9rience nous r\u00e9conforte<\/h3>\t\t\t\t<\/div>\n\t\t\t\t<\/div>\n\t\t\t\t<div class=\"elementor-element elementor-element-48f30c2 elementor-widget elementor-widget-text-editor\" data-id=\"48f30c2\" data-element_type=\"widget\" data-e-type=\"widget\" data-widget_type=\"text-editor.default\">\n\t\t\t\t<div class=\"elementor-widget-container\">\n\t\t\t\t\t\t\t\t\t<p style=\"text-align: left;\">Li\u00e9e au monde de la danse depuis l'\u00e2ge de trois ans, l'\u00e9quipe de Le C\u00f4t\u00e9 Danse a pour objectif d'apporter une valeur ajout\u00e9e au choix des v\u00eatements de danse et de sport, en inspirant ceux qui souhaitent entrer dans le monde merveilleux du mouvement, en donnant vie aux v\u00eatements et en les adaptant \u00e0 la sp\u00e9cialit\u00e9 requise.<\/p>\n<p style=\"text-align: left;\">Fort de son exp\u00e9rience dans la conception et la r\u00e9alisation de spectacles et de festivals, Le C\u00f4t\u00e9 Danse vous propose un service personnalis\u00e9 pour la r\u00e9alisation de vos costumes, ainsi que des tarifs, des mat\u00e9riaux et des v\u00eatements.<\/p>\n<p style=\"text-align: center;\"><em><strong>NOUS CONCEVONS, PARTAGEONS ET PERSONNALISONS AUSSI !<\/strong><\/em><\/p>\n<p style=\"text-align: left;\">Contactez-nous et nous vous accompagnerons tout au long du processus, depuis le choix et la conception jusqu'\u00e0 la confection et la personnalisation. Nous nous adaptons \u00e0 vous.<\/p>\n\t\t\t\t\t\t\t\t<\/div>\n\t\t\t\t<\/div>\n\t\t\t\t\t<\/div>\n\t\t<\/div>\n\t\t\t\t<div class=\"elementor-column elementor-col-50 elementor-inner-column elementor-element elementor-element-a85222c animated-slow elementor-invisible\" data-id=\"a85222c\" data-element_type=\"column\" data-e-type=\"column\" data-settings=\"{&quot;animation&quot;:&quot;fadeIn&quot;}\">\n\t\t\t<div class=\"elementor-widget-wrap elementor-element-populated\">\n\t\t\t\t\t\t<div class=\"elementor-element elementor-element-9e4de32 elementor-widget elementor-widget-heading\" data-id=\"9e4de32\" data-element_type=\"widget\" data-e-type=\"widget\" data-widget_type=\"heading.default\">\n\t\t\t\t<div class=\"elementor-widget-container\">\n\t\t\t\t\t<h3 class=\"elementor-heading-title elementor-size-default\">Prix<\/h3>\t\t\t\t<\/div>\n\t\t\t\t<\/div>\n\t\t\t\t<div class=\"elementor-element elementor-element-d563329 elementor-widget elementor-widget-text-editor\" data-id=\"d563329\" data-element_type=\"widget\" data-e-type=\"widget\" data-widget_type=\"text-editor.default\">\n\t\t\t\t<div class=\"elementor-widget-container\">\n\t\t\t\t\t\t\t\t\t<p style=\"text-align: left;\">Nous garantissons un prix \u00e9quitable en proposant des v\u00eatements de danse et de sport de la meilleure qualit\u00e9 au meilleur prix. <\/p>\n\t\t\t\t\t\t\t\t<\/div>\n\t\t\t\t<\/div>\n\t\t\t\t<div class=\"elementor-element elementor-element-1ea268b elementor-widget elementor-widget-heading\" data-id=\"1ea268b\" data-element_type=\"widget\" data-e-type=\"widget\" data-widget_type=\"heading.default\">\n\t\t\t\t<div class=\"elementor-widget-container\">\n\t\t\t\t\t<h3 class=\"elementor-heading-title elementor-size-default\">Qualit\u00e9<\/h3>\t\t\t\t<\/div>\n\t\t\t\t<\/div>\n\t\t\t\t<div class=\"elementor-element elementor-element-39d4a95 elementor-widget elementor-widget-text-editor\" data-id=\"39d4a95\" data-element_type=\"widget\" data-e-type=\"widget\" data-widget_type=\"text-editor.default\">\n\t\t\t\t<div class=\"elementor-widget-container\">\n\t\t\t\t\t\t\t\t\t<p>Nous proposons une large s\u00e9lection de v\u00eatements de haute qualit\u00e9 pour assurer votre confort.<\/p>\n\t\t\t\t\t\t\t\t<\/div>\n\t\t\t\t<\/div>\n\t\t\t\t\t<\/div>\n\t\t<\/div>\n\t\t\t\t\t<\/div>\n\t\t<\/section>\n\t\t\t\t<section class=\"elementor-section elementor-inner-section elementor-element elementor-element-d2c627f elementor-section-boxed elementor-section-height-default elementor-section-height-default\" data-id=\"d2c627f\" data-element_type=\"section\" data-e-type=\"section\">\n\t\t\t\t\t\t<div class=\"elementor-container elementor-column-gap-default\">\n\t\t\t\t\t<div class=\"elementor-column elementor-col-100 elementor-inner-column elementor-element elementor-element-31ac5cb animated-slow elementor-invisible\" data-id=\"31ac5cb\" data-element_type=\"column\" data-e-type=\"column\" data-settings=\"{&quot;animation&quot;:&quot;fadeIn&quot;,&quot;animation_delay&quot;:700}\">\n\t\t\t<div class=\"elementor-widget-wrap elementor-element-populated\">\n\t\t\t\t\t\t<div class=\"elementor-element elementor-element-e88d61a elementor-widget elementor-widget-heading\" data-id=\"e88d61a\" data-element_type=\"widget\" data-e-type=\"widget\" data-widget_type=\"heading.default\">\n\t\t\t\t<div class=\"elementor-widget-container\">\n\t\t\t\t\t<h3 class=\"elementor-heading-title elementor-size-default\">Diversit\u00e9<\/h3>\t\t\t\t<\/div>\n\t\t\t\t<\/div>\n\t\t\t\t<div class=\"elementor-element elementor-element-b378e2d elementor-widget elementor-widget-text-editor\" data-id=\"b378e2d\" data-element_type=\"widget\" data-e-type=\"widget\" data-widget_type=\"text-editor.default\">\n\t\t\t\t<div class=\"elementor-widget-container\">\n\t\t\t\t\t\t\t\t\t<p>Du ballet au flamenco en passant par le yoga et le pilates, Le C\u00f4t\u00e9 Danse rassemble de multiples disciplines artistiques et sportives, cr\u00e9ant ainsi un march\u00e9 du mouvement unique, qui facilite l'acc\u00e8s des danseurs et des athl\u00e8tes \u00e0 tous les v\u00eatements dont ils peuvent avoir besoin dans la pratique de leur activit\u00e9.&nbsp;&nbsp;<span style=\"color: var( --e-global-color-text );\">Nous vous conseillons dans vos achats, des premiers chaussons de danse au plus chic des hauts de sport pour aller \u00e0 la gym.<\/span><\/p>\n\t\t\t\t\t\t\t\t<\/div>\n\t\t\t\t<\/div>\n\t\t\t\t\t<\/div>\n\t\t<\/div>\n\t\t\t\t\t<\/div>\n\t\t<\/section>\n\t\t\t\t\t<\/div>\n\t\t<\/div>\n\t\t\t\t\t<\/div>\n\t\t<\/section>\n\t\t\t\t<\/div>","protected":false},"excerpt":{"rendered":"<p>Qui sommes nous ? Experts en produits de danse Au C\u00f4t\u00e9 Danse, nous disposons d'une \u00e9quipe de danseurs professionnels sp\u00e9cialis\u00e9s dans chacune des cat\u00e9gories que nous proposons sur le site. Impliqu\u00e9s dans le monde de la danse depuis notre plus jeune \u00e2ge, nous voulons transmettre l'amour de l'art du mouvement, en aidant ceux qui ressentent la passion ... <a title=\"Qui sommes-nous ?\" class=\"read-more\" href=\"https:\/\/lecotedanse.com\/fr\/qui-sont-nous\/\" aria-label=\"Lire la suite de Qui sommes-nous ?\">Lire la suite<\/a><\/p>","protected":false},"author":1,"featured_media":0,"parent":0,"menu_order":0,"comment_status":"closed","ping_status":"closed","template":"elementor_header_footer","meta":{"footnotes":""},"class_list":["post-1953671","page","type-page","status-publish"],"_links":{"self":[{"href":"https:\/\/lecotedanse.com\/fr\/wp-json\/wp\/v2\/pages\/1953671","targetHints":{"allow":["GET"]}}],"collection":[{"href":"https:\/\/lecotedanse.com\/fr\/wp-json\/wp\/v2\/pages"}],"about":[{"href":"https:\/\/lecotedanse.com\/fr\/wp-json\/wp\/v2\/types\/page"}],"author":[{"embeddable":true,"href":"https:\/\/lecotedanse.com\/fr\/wp-json\/wp\/v2\/users\/1"}],"replies":[{"embeddable":true,"href":"https:\/\/lecotedanse.com\/fr\/wp-json\/wp\/v2\/comments?post=1953671"}],"version-history":[{"count":0,"href":"https:\/\/lecotedanse.com\/fr\/wp-json\/wp\/v2\/pages\/1953671\/revisions"}],"wp:attachment":[{"href":"https:\/\/lecotedanse.com\/fr\/wp-json\/wp\/v2\/media?parent=1953671"}],"curies":[{"name":"wp","href":"https:\/\/api.w.org\/{rel}","templated":true}]}}