{"id":1953667,"date":"2023-07-20T08:40:47","date_gmt":"2023-07-20T08:40:47","guid":{"rendered":"https:\/\/lecotedanse.com\/thank-you\/"},"modified":"2024-01-05T12:55:57","modified_gmt":"2024-01-05T12:55:57","slug":"thank-you","status":"publish","type":"page","link":"https:\/\/lecotedanse.com\/fr\/merci-2-2\/","title":{"rendered":"Merci de votre attention."},"content":{"rendered":"<div data-elementor-type=\"wp-page\" data-elementor-id=\"1953667\" class=\"elementor elementor-1953667\" data-elementor-post-type=\"page\">\n\t\t\t\t\t\t<section class=\"elementor-section elementor-top-section elementor-element elementor-element-6fd4e7e elementor-section-full_width elementor-section-height-min-height elementor-reverse-mobile elementor-section-height-default elementor-section-items-middle\" data-id=\"6fd4e7e\" data-element_type=\"section\" data-e-type=\"section\" data-settings=\"{&quot;background_background&quot;:&quot;classic&quot;}\">\n\t\t\t\t\t\t<div class=\"elementor-container elementor-column-gap-no\">\n\t\t\t\t\t<div class=\"elementor-column elementor-col-50 elementor-top-column elementor-element elementor-element-1dc7e95\" data-id=\"1dc7e95\" data-element_type=\"column\" data-e-type=\"column\">\n\t\t\t<div class=\"elementor-widget-wrap elementor-element-populated\">\n\t\t\t\t\t\t<div class=\"elementor-element elementor-element-cdc32d7 elementor-widget elementor-widget-heading\" data-id=\"cdc32d7\" data-element_type=\"widget\" data-e-type=\"widget\" data-widget_type=\"heading.default\">\n\t\t\t\t<div class=\"elementor-widget-container\">\n\t\t\t\t\t<h1 class=\"elementor-heading-title elementor-size-default\">Le formulaire a \u00e9t\u00e9 soumis avec succ\u00e8s.<\/h1>\t\t\t\t<\/div>\n\t\t\t\t<\/div>\n\t\t\t\t<div class=\"elementor-element elementor-element-d701d5c elementor-widget elementor-widget-heading\" data-id=\"d701d5c\" data-element_type=\"widget\" data-e-type=\"widget\" data-widget_type=\"heading.default\">\n\t\t\t\t<div class=\"elementor-widget-container\">\n\t\t\t\t\t<span class=\"elementor-heading-title elementor-size-default\">Vous devriez recevoir une r\u00e9ponse dans les 24\/48 heures ouvrables.<\/span>\t\t\t\t<\/div>\n\t\t\t\t<\/div>\n\t\t\t\t\t<\/div>\n\t\t<\/div>\n\t\t\t\t<div class=\"elementor-column elementor-col-50 elementor-top-column elementor-element elementor-element-7fa428c\" data-id=\"7fa428c\" data-element_type=\"column\" data-e-type=\"column\">\n\t\t\t<div class=\"elementor-widget-wrap elementor-element-populated\">\n\t\t\t\t\t\t<section class=\"elementor-section elementor-inner-section elementor-element elementor-element-99cd793 elementor-section-full_width elementor-section-height-default elementor-section-height-default\" data-id=\"99cd793\" data-element_type=\"section\" data-e-type=\"section\" data-settings=\"{&quot;background_background&quot;:&quot;classic&quot;}\">\n\t\t\t\t\t\t<div class=\"elementor-container elementor-column-gap-no\">\n\t\t\t\t\t<div class=\"elementor-column elementor-col-100 elementor-inner-column elementor-element elementor-element-f1570c2\" data-id=\"f1570c2\" data-element_type=\"column\" data-e-type=\"column\">\n\t\t\t<div class=\"elementor-widget-wrap elementor-element-populated\">\n\t\t\t\t\t\t<div class=\"elementor-element elementor-element-07a894d elementor-widget elementor-widget-spacer\" data-id=\"07a894d\" data-element_type=\"widget\" data-e-type=\"widget\" data-widget_type=\"spacer.default\">\n\t\t\t\t<div class=\"elementor-widget-container\">\n\t\t\t\t\t\t\t<div class=\"elementor-spacer\">\n\t\t\t<div class=\"elementor-spacer-inner\"><\/div>\n\t\t<\/div>\n\t\t\t\t\t\t<\/div>\n\t\t\t\t<\/div>\n\t\t\t\t\t<\/div>\n\t\t<\/div>\n\t\t\t\t\t<\/div>\n\t\t<\/section>\n\t\t\t\t\t<\/div>\n\t\t<\/div>\n\t\t\t\t\t<\/div>\n\t\t<\/section>\n\t\t\t\t<\/div>","protected":false},"excerpt":{"rendered":"<p>Le formulaire a \u00e9t\u00e9 soumis avec succ\u00e8s. Vous recevrez une r\u00e9ponse dans les 24\/48 heures ouvrables.<\/p>","protected":false},"author":1,"featured_media":0,"parent":0,"menu_order":0,"comment_status":"closed","ping_status":"closed","template":"elementor_header_footer","meta":{"footnotes":""},"class_list":["post-1953667","page","type-page","status-publish"],"_links":{"self":[{"href":"https:\/\/lecotedanse.com\/fr\/wp-json\/wp\/v2\/pages\/1953667","targetHints":{"allow":["GET"]}}],"collection":[{"href":"https:\/\/lecotedanse.com\/fr\/wp-json\/wp\/v2\/pages"}],"about":[{"href":"https:\/\/lecotedanse.com\/fr\/wp-json\/wp\/v2\/types\/page"}],"author":[{"embeddable":true,"href":"https:\/\/lecotedanse.com\/fr\/wp-json\/wp\/v2\/users\/1"}],"replies":[{"embeddable":true,"href":"https:\/\/lecotedanse.com\/fr\/wp-json\/wp\/v2\/comments?post=1953667"}],"version-history":[{"count":0,"href":"https:\/\/lecotedanse.com\/fr\/wp-json\/wp\/v2\/pages\/1953667\/revisions"}],"wp:attachment":[{"href":"https:\/\/lecotedanse.com\/fr\/wp-json\/wp\/v2\/media?parent=1953667"}],"curies":[{"name":"wp","href":"https:\/\/api.w.org\/{rel}","templated":true}]}}