{"id":1953655,"date":"2021-10-27T07:54:54","date_gmt":"2021-10-27T07:54:54","guid":{"rendered":"https:\/\/lecotedanse.com\/contact-with-us\/"},"modified":"2024-01-05T12:40:35","modified_gmt":"2024-01-05T12:40:35","slug":"contact-with-us","status":"publish","type":"page","link":"https:\/\/lecotedanse.com\/fr\/nous-contacter-2\/","title":{"rendered":"Nous contacter"},"content":{"rendered":"<div data-elementor-type=\"wp-page\" data-elementor-id=\"1953655\" class=\"elementor elementor-1953655\" data-elementor-post-type=\"page\">\n\t\t\t\t\t\t<section class=\"elementor-section elementor-top-section elementor-element elementor-element-0796350 elementor-section-full_width elementor-section-height-min-height elementor-reverse-mobile elementor-section-height-default elementor-section-items-middle\" data-id=\"0796350\" data-element_type=\"section\" data-e-type=\"section\" data-settings=\"{&quot;background_background&quot;:&quot;classic&quot;}\">\n\t\t\t\t\t\t<div class=\"elementor-container elementor-column-gap-no\">\n\t\t\t\t\t<div class=\"elementor-column elementor-col-50 elementor-top-column elementor-element elementor-element-330bd17\" data-id=\"330bd17\" data-element_type=\"column\" data-e-type=\"column\">\n\t\t\t<div class=\"elementor-widget-wrap elementor-element-populated\">\n\t\t\t\t\t\t<div class=\"elementor-element elementor-element-9593c9d elementor-invisible elementor-widget elementor-widget-heading\" data-id=\"9593c9d\" data-element_type=\"widget\" data-e-type=\"widget\" data-settings=\"{&quot;_animation&quot;:&quot;fadeInUp&quot;}\" data-widget_type=\"heading.default\">\n\t\t\t\t<div class=\"elementor-widget-container\">\n\t\t\t\t\t<h1 class=\"elementor-heading-title elementor-size-default\">Nous contacter<\/h1>\t\t\t\t<\/div>\n\t\t\t\t<\/div>\n\t\t\t\t<div class=\"elementor-element elementor-element-58cd05b elementor-invisible elementor-widget elementor-widget-text-editor\" data-id=\"58cd05b\" data-element_type=\"widget\" data-e-type=\"widget\" data-settings=\"{&quot;_animation&quot;:&quot;fadeIn&quot;}\" data-widget_type=\"text-editor.default\">\n\t\t\t\t<div class=\"elementor-widget-container\">\n\t\t\t\t\t\t\t\t\t<p>Nous sommes une boutique en ligne, mais nous serons heureux de vous aider.<br \/> Prenez contact avec nous par l'interm\u00e9diaire de :<\/p>\n\t\t\t\t\t\t\t\t<\/div>\n\t\t\t\t<\/div>\n\t\t\t\t<div class=\"elementor-element elementor-element-030942f elementor-icon-list--layout-traditional elementor-list-item-link-full_width elementor-invisible elementor-widget elementor-widget-icon-list\" data-id=\"030942f\" data-element_type=\"widget\" data-e-type=\"widget\" data-settings=\"{&quot;_animation&quot;:&quot;fadeIn&quot;,&quot;_animation_delay&quot;:200}\" data-widget_type=\"icon-list.default\">\n\t\t\t\t<div class=\"elementor-widget-container\">\n\t\t\t\t\t\t\t<ul class=\"elementor-icon-list-items\">\n\t\t\t\t\t\t\t<li class=\"elementor-icon-list-item\">\n\t\t\t\t\t\t\t\t\t\t\t<span class=\"elementor-icon-list-icon\">\n\t\t\t\t\t\t\t<svg xmlns=\"http:\/\/www.w3.org\/2000\/svg\" viewbox=\"0 0 256 256\"><rect width=\"256\" height=\"256\" fill=\"none\"><\/rect><path d=\"M218.76367,103.7002,138.75684,30.96436a15.93657,15.93657,0,0,0-21.52637.00146L37.2373,103.69971A16.03108,16.03108,0,0,0,32,115.53857l0,92.09522a16.47275,16.47275,0,0,0,4.01066,10.96174A15.91729,15.91729,0,0,0,48.002,223.999H95.96484a8,8,0,0,0,8-8V167.9917a8,8,0,0,1,8-8h32a8,8,0,0,1,8,8V215.999a8,8,0,0,0,8,8h48.05731a15.40625,15.40625,0,0,0,7.53406-1.85584A16.08415,16.08415,0,0,0,224,207.999v-92.46A16.03567,16.03567,0,0,0,218.76367,103.7002Z\"><\/path><\/svg>\t\t\t\t\t\t<\/span>\n\t\t\t\t\t\t\t\t\t\t<span class=\"elementor-icon-list-text\">C\/ Ronda Norte, 16, 30009<\/span>\n\t\t\t\t\t\t\t\t\t<\/li>\n\t\t\t\t\t\t\t\t<li class=\"elementor-icon-list-item\">\n\t\t\t\t\t\t\t\t\t\t\t<a href=\"tel: 34635772652\">\n\n\t\t\t\t\t\t\t\t\t\t\t\t<span class=\"elementor-icon-list-icon\">\n\t\t\t\t\t\t\t<svg xmlns=\"http:\/\/www.w3.org\/2000\/svg\" viewbox=\"0 0 100 100\"><switch><g><path d=\"M5273.1,2400.1v-2c0-2.8-5-4-9.7-4s-9.7,1.3-9.7,4v2c0,1.8,0.7,3.6,2,4.9l5,4.9c0.3,0.3,0.4,0.6,0.4,1v6.4     c0,0.4,0.2,0.7,0.6,0.8l2.9,0.9c0.5,0.1,1-0.2,1-0.8v-7.2c0-0.4,0.2-0.7,0.4-1l5.1-5C5272.4,2403.7,5273.1,2401.9,5273.1,2400.1z      M5263.4,2400c-4.8,0-7.4-1.3-7.5-1.8v0c0.1-0.5,2.7-1.8,7.5-1.8c4.8,0,7.3,1.3,7.5,1.8C5270.7,2398.7,5268.2,2400,5263.4,2400z\"><\/path><path d=\"M5268.4 2410.3c-.6 0-1 .4-1 1 0 .6.4 1 1 1h4.3c.6 0 1-.4 1-1 0-.6-.4-1-1-1H5268.4zM5272.7 2413.7h-4.3c-.6 0-1 .4-1 1 0 .6.4 1 1 1h4.3c.6 0 1-.4 1-1C5273.7 2414.1 5273.3 2413.7 5272.7 2413.7zM5272.7 2417h-4.3c-.6 0-1 .4-1 1 0 .6.4 1 1 1h4.3c.6 0 1-.4 1-1C5273.7 2417.5 5273.3 2417 5272.7 2417zM94 71.5l-19.4-10c-2.7-1.4-6.1-.7-8 1.7l-7.1 9.1c-6.9-3.7-12.2-7.3-18.3-13.4-6.5-6.5-10-11.9-13.6-18.6l9-7c2.4-1.9 3.2-5.3 1.7-8L28.4 6c-1.8-3.4-6.1-4.5-9.2-2.4L6.8 11.8C4 13.7 2.4 17 2.6 20.4c.2 3.5.7 7.9 1.5 11 3.6 13.8 12.2 28.1 24.3 40.2C40.5 83.8 54.8 92.4 68.6 96c3.1.8 7.5 1.2 11.1 1.5 3.5.2 6.8-1.5 8.7-4.4l8-12.5C98.5 77.4 97.3 73.2 94 71.5z\"><\/path><\/g><\/switch><\/svg>\t\t\t\t\t\t<\/span>\n\t\t\t\t\t\t\t\t\t\t<span class=\"elementor-icon-list-text\">635 772 652<\/span>\n\t\t\t\t\t\t\t\t\t\t\t<\/a>\n\t\t\t\t\t\t\t\t\t<\/li>\n\t\t\t\t\t\t\t\t<li class=\"elementor-icon-list-item\">\n\t\t\t\t\t\t\t\t\t\t\t<span class=\"elementor-icon-list-icon\">\n\t\t\t\t\t\t\t<svg xmlns=\"http:\/\/www.w3.org\/2000\/svg\" viewbox=\"0 0 28 28\"><path d=\"M14.6,14.3L24.9,6c-0.5-0.5-1.2-0.7-1.9-0.7H5C4.3,5.3,3.6,5.6,3,6l10.4,8.3C13.8,14.5,14.2,14.5,14.6,14.3z\"><\/path><path d=\"M15.8,15.9c-0.6,0.4-1.2,0.6-1.8,0.6c-0.6,0-1.2-0.2-1.7-0.5L2,7.8C2,8,2,8.1,2,8.3v11.4c0,1.7,1.3,3,3,3h18c1.7,0,3-1.3,3-3V8.3c0-0.2,0-0.4-0.1-0.5L15.8,15.9z\"><\/path><\/svg>\t\t\t\t\t\t<\/span>\n\t\t\t\t\t\t\t\t\t\t<span class=\"elementor-icon-list-text\">info@lecotedanse.com<\/span>\n\t\t\t\t\t\t\t\t\t<\/li>\n\t\t\t\t\t\t\t\t<li class=\"elementor-icon-list-item\">\n\t\t\t\t\t\t\t\t\t\t\t<a href=\"https:\/\/api.whatsapp.com\/send?phone=+34635772652\" rel=\"nofollow noopener\" target=\"_blank\">\n\n\t\t\t\t\t\t\t\t\t\t\t\t<span class=\"elementor-icon-list-icon\">\n\t\t\t\t\t\t\t<svg xmlns=\"http:\/\/www.w3.org\/2000\/svg\" viewbox=\"0 0 16 16\"><path d=\"M8.002 0h-.004C3.587 0 0 3.588 0 8a7.94 7.94 0 0 0 1.523 4.689l-.997 2.972 3.075-.983A7.93 7.93 0 0 0 8.002 16C12.413 16 16 12.411 16 8s-3.587-8-7.998-8zm4.655 11.297c-.193.545-.959.997-1.57 1.129-.418.089-.964.16-2.802-.602-2.351-.974-3.865-3.363-3.983-3.518-.113-.155-.95-1.265-.95-2.413s.583-1.707.818-1.947c.193-.197.512-.287.818-.287.099 0 .188.005.268.009.235.01.353.024.508.395.193.465.663 1.613.719 1.731.057.118.114.278.034.433-.075.16-.141.231-.259.367-.118.136-.23.24-.348.386-.108.127-.23.263-.094.498.136.23.606.997 1.298 1.613.893.795 1.617 1.049 1.876 1.157.193.08.423.061.564-.089.179-.193.4-.513.625-.828.16-.226.362-.254.574-.174.216.075 1.359.64 1.594.757.235.118.39.174.447.273.056.099.056.564-.137 1.11z\"><\/path><\/svg>\t\t\t\t\t\t<\/span>\n\t\t\t\t\t\t\t\t\t\t<span class=\"elementor-icon-list-text\">Whatsapp<\/span>\n\t\t\t\t\t\t\t\t\t\t\t<\/a>\n\t\t\t\t\t\t\t\t\t<\/li>\n\t\t\t\t\t\t<\/ul>\n\t\t\t\t\t\t<\/div>\n\t\t\t\t<\/div>\n\t\t\t\t<div class=\"elementor-element elementor-element-bd306f8 elementor-button-align-start elementor-invisible elementor-widget elementor-widget-form\" data-id=\"bd306f8\" data-element_type=\"widget\" data-e-type=\"widget\" data-settings=\"{&quot;step_next_label&quot;:&quot;Next&quot;,&quot;step_previous_label&quot;:&quot;Previous&quot;,&quot;_animation&quot;:&quot;fadeIn&quot;,&quot;_animation_delay&quot;:400,&quot;button_width&quot;:&quot;100&quot;,&quot;step_type&quot;:&quot;number_text&quot;,&quot;step_icon_shape&quot;:&quot;circle&quot;}\" data-widget_type=\"form.default\">\n\t\t\t\t<div class=\"elementor-widget-container\">\n\t\t\t\t\t\t\t<form class=\"elementor-form\" method=\"post\" name=\"New form\" aria-label=\"Nouveau formulaire\" action=\"\">\n\t\t\t<input type=\"hidden\" name=\"post_id\" value=\"1953655\"\/>\n\t\t\t<input type=\"hidden\" name=\"form_id\" value=\"bd306f8\"\/>\n\t\t\t<input type=\"hidden\" name=\"referer_title\" value=\"\" \/>\n\n\t\t\t\n\t\t\t<div class=\"elementor-form-fields-wrapper elementor-labels-\">\n\t\t\t\t\t\t\t\t<div class=\"elementor-field-type-text elementor-field-group elementor-column elementor-field-group-name elementor-col-50 elementor-field-required\">\n\t\t\t\t\t\t\t\t\t\t\t\t<label for=\"form-field-name\" class=\"elementor-field-label elementor-screen-only\">\n\t\t\t\t\t\t\t\tNom* Nom* Nom* Nom* Nom* Nom* Nom* Nom* Nom* Nom* Nom* Nom* Nom* Nom* Nom\t\t\t\t\t\t\t<\/label>\n\t\t\t\t\t\t\t\t\t\t\t\t\t\t<input size=\"1\" type=\"text\" name=\"form_fields[name]\" id=\"form-field-name\" class=\"elementor-field elementor-size-sm  elementor-field-textual\" placeholder=\"Nom* Nom* Nom* Nom* Nom* Nom* Nom* Nom* Nom* Nom* Nom* Nom* Nom* Nom* Nom\" required=\"required\">\n\t\t\t\t\t\t\t\t\t\t\t<\/div>\n\t\t\t\t\t\t\t\t<div class=\"elementor-field-type-tel elementor-field-group elementor-column elementor-field-group-field_c913ffd elementor-col-50\">\n\t\t\t\t\t\t\t\t\t\t\t\t<label for=\"form-field-field_c913ffd\" class=\"elementor-field-label elementor-screen-only\">\n\t\t\t\t\t\t\t\tT\u00e9l\u00e9phone* T\u00e9l\u00e9phone* T\u00e9l\u00e9phone* T\u00e9l\u00e9phone* T\u00e9l\u00e9phone* T\u00e9l\u00e9phone* T\u00e9l\u00e9phone* T\u00e9l\u00e9phone* T\u00e9l\u00e9phone* T\u00e9l\u00e9phone* T\u00e9l\u00e9phone* T\u00e9l\u00e9phone* T\u00e9l\u00e9phone* T\u00e9l\u00e9phone* T\u00e9l\u00e9phone\t\t\t\t\t\t\t<\/label>\n\t\t\t\t\t\t\t\t<input size=\"1\" type=\"tel\" name=\"form_fields[field_c913ffd]\" id=\"form-field-field_c913ffd\" class=\"elementor-field elementor-size-sm  elementor-field-textual\" placeholder=\"T\u00e9l\u00e9phone\" pattern=\"[0-9()#&amp;+*-=.]+\" title=\"Seuls les caract\u00e8res des num\u00e9ros de t\u00e9l\u00e9phone (#, -, *, etc.) sont accept\u00e9s.\">\n\n\t\t\t\t\t\t<\/div>\n\t\t\t\t\t\t\t\t<div class=\"elementor-field-type-email elementor-field-group elementor-column elementor-field-group-email elementor-col-100 elementor-field-required\">\n\t\t\t\t\t\t\t\t\t\t\t\t<label for=\"form-field-email\" class=\"elementor-field-label elementor-screen-only\">\n\t\t\t\t\t\t\t\tCourrier \u00e9lectronique\t\t\t\t\t\t\t<\/label>\n\t\t\t\t\t\t\t\t\t\t\t\t\t\t<input size=\"1\" type=\"email\" name=\"form_fields[email]\" id=\"form-field-email\" class=\"elementor-field elementor-size-sm  elementor-field-textual\" placeholder=\"Courrier \u00e9lectronique\" required=\"required\">\n\t\t\t\t\t\t\t\t\t\t\t<\/div>\n\t\t\t\t\t\t\t\t<div class=\"elementor-field-type-textarea elementor-field-group elementor-column elementor-field-group-message elementor-col-100 elementor-field-required\">\n\t\t\t\t\t\t\t\t\t\t\t\t<label for=\"form-field-message\" class=\"elementor-field-label elementor-screen-only\">\n\t\t\t\t\t\t\t\tMessage\t\t\t\t\t\t\t<\/label>\n\t\t\t\t\t\t<textarea class=\"elementor-field-textual elementor-field  elementor-size-sm\" name=\"form_fields[message]\" id=\"form-field-message\" rows=\"4\" placeholder=\"Message\" required=\"required\"><\/textarea>\t\t\t\t<\/div>\n\t\t\t\t\t\t\t\t<div class=\"elementor-field-type-acceptance elementor-field-group elementor-column elementor-field-group-field_6752af1 elementor-col-100 elementor-field-required\">\n\t\t\t\t\t\t\t<div class=\"elementor-field-subgroup\">\n\t\t\t<span class=\"elementor-field-option\">\n\t\t\t\t<input type=\"checkbox\" name=\"form_fields[field_6752af1]\" id=\"form-field-field_6752af1\" class=\"elementor-field elementor-size-sm  elementor-acceptance-field\" required=\"required\">\n\t\t\t\t<label for=\"form-field-field_6752af1\">J'ai lu et j'accepte la politique de confidentialit\u00e9*.<\/label>\t\t\t<\/span>\n\t\t<\/div>\n\t\t\t\t\t\t<\/div>\n\t\t\t\t\t\t\t\t<div class=\"elementor-field-type-recaptcha_v3 elementor-field-group elementor-column elementor-field-group-field_f9a21fa elementor-col-100 recaptcha_v3-inline\">\n\t\t\t\t\t<div class=\"elementor-field\" id=\"form-field-field_f9a21fa\"><div class=\"elementor-g-recaptcha\" data-sitekey=\"6Lf2S00nAAAAADMGVeBnvPS64-E8tqlmLGmPteMx\" data-type=\"v3\" data-action=\"Form\" data-badge=\"inline\" data-size=\"invisible\"><\/div><\/div>\t\t\t\t<\/div>\n\t\t\t\t\t\t\t\t<div class=\"elementor-field-group elementor-column elementor-field-type-submit elementor-col-100 e-form__buttons\">\n\t\t\t\t\t<button class=\"elementor-button elementor-size-sm\" type=\"submit\">\n\t\t\t\t\t\t<span class=\"elementor-button-content-wrapper\">\n\t\t\t\t\t\t\t\t\t\t\t\t\t\t\t\t\t\t\t\t\t\t<span class=\"elementor-button-text\">Envoyer<\/span>\n\t\t\t\t\t\t\t\t\t\t\t\t\t<\/span>\n\t\t\t\t\t<\/button>\n\t\t\t\t<\/div>\n\t\t\t<\/div>\n\t\t<input type=\"hidden\" name=\"trp-form-language\" value=\"fr\"\/><\/form>\n\t\t\t\t\t\t<\/div>\n\t\t\t\t<\/div>\n\t\t\t\t<div class=\"elementor-element elementor-element-09b66e6 elementor-widget elementor-widget-heading\" data-id=\"09b66e6\" data-element_type=\"widget\" data-e-type=\"widget\" data-widget_type=\"heading.default\">\n\t\t\t\t<div class=\"elementor-widget-container\">\n\t\t\t\t\t<span class=\"elementor-heading-title elementor-size-default\">(*) Les champs marqu\u00e9s d'un ast\u00e9risque sont obligatoires.<\/span>\t\t\t\t<\/div>\n\t\t\t\t<\/div>\n\t\t\t\t\t<\/div>\n\t\t<\/div>\n\t\t\t\t<div class=\"elementor-column elementor-col-50 elementor-top-column elementor-element elementor-element-d310234\" data-id=\"d310234\" data-element_type=\"column\" data-e-type=\"column\">\n\t\t\t<div class=\"elementor-widget-wrap elementor-element-populated\">\n\t\t\t\t\t\t<section class=\"elementor-section elementor-inner-section elementor-element elementor-element-90dc9b1 elementor-section-full_width elementor-section-height-default elementor-section-height-default\" data-id=\"90dc9b1\" data-element_type=\"section\" data-e-type=\"section\" data-settings=\"{&quot;background_background&quot;:&quot;classic&quot;}\">\n\t\t\t\t\t\t<div class=\"elementor-container elementor-column-gap-no\">\n\t\t\t\t\t<div class=\"elementor-column elementor-col-100 elementor-inner-column elementor-element elementor-element-733cd32\" data-id=\"733cd32\" data-element_type=\"column\" data-e-type=\"column\">\n\t\t\t<div class=\"elementor-widget-wrap elementor-element-populated\">\n\t\t\t\t\t\t<div class=\"elementor-element elementor-element-c530589 elementor-widget elementor-widget-spacer\" data-id=\"c530589\" data-element_type=\"widget\" data-e-type=\"widget\" data-widget_type=\"spacer.default\">\n\t\t\t\t<div class=\"elementor-widget-container\">\n\t\t\t\t\t\t\t<div class=\"elementor-spacer\">\n\t\t\t<div class=\"elementor-spacer-inner\"><\/div>\n\t\t<\/div>\n\t\t\t\t\t\t<\/div>\n\t\t\t\t<\/div>\n\t\t\t\t\t<\/div>\n\t\t<\/div>\n\t\t\t\t\t<\/div>\n\t\t<\/section>\n\t\t\t\t\t<\/div>\n\t\t<\/div>\n\t\t\t\t\t<\/div>\n\t\t<\/section>\n\t\t\t\t<\/div>","protected":false},"excerpt":{"rendered":"<p>Nous contacter Nous sommes une boutique en ligne, mais nous serons heureux de vous aider. Contactez-nous \u00e0 l'adresse suivante : C\/ Ronda Norte, 16, 30009 635 772 652 info@lecotedanse.com Whatsapp (*) Les champs marqu\u00e9s d'un ast\u00e9risque sont obligatoires.<\/p>","protected":false},"author":1,"featured_media":0,"parent":0,"menu_order":0,"comment_status":"closed","ping_status":"closed","template":"elementor_header_footer","meta":{"footnotes":""},"class_list":["post-1953655","page","type-page","status-publish"],"_links":{"self":[{"href":"https:\/\/lecotedanse.com\/fr\/wp-json\/wp\/v2\/pages\/1953655","targetHints":{"allow":["GET"]}}],"collection":[{"href":"https:\/\/lecotedanse.com\/fr\/wp-json\/wp\/v2\/pages"}],"about":[{"href":"https:\/\/lecotedanse.com\/fr\/wp-json\/wp\/v2\/types\/page"}],"author":[{"embeddable":true,"href":"https:\/\/lecotedanse.com\/fr\/wp-json\/wp\/v2\/users\/1"}],"replies":[{"embeddable":true,"href":"https:\/\/lecotedanse.com\/fr\/wp-json\/wp\/v2\/comments?post=1953655"}],"version-history":[{"count":0,"href":"https:\/\/lecotedanse.com\/fr\/wp-json\/wp\/v2\/pages\/1953655\/revisions"}],"wp:attachment":[{"href":"https:\/\/lecotedanse.com\/fr\/wp-json\/wp\/v2\/media?parent=1953655"}],"curies":[{"name":"wp","href":"https:\/\/api.w.org\/{rel}","templated":true}]}}