{"id":1953659,"date":"2021-12-23T17:07:10","date_gmt":"2021-12-23T17:07:10","guid":{"rendered":"https:\/\/lecotedanse.com\/avis-juridique\/"},"modified":"2024-01-05T12:48:48","modified_gmt":"2024-01-05T12:48:48","slug":"avis-juridique","status":"publish","type":"page","link":"https:\/\/lecotedanse.com\/en\/avis-juridique\/","title":{"rendered":"Avis Juridique"},"content":{"rendered":"<div data-elementor-type=\"wp-page\" data-elementor-id=\"1953659\" class=\"elementor elementor-1953659\" data-elementor-post-type=\"page\">\n\t\t\t\t\t\t<section class=\"elementor-section elementor-top-section elementor-element elementor-element-29033e6 elementor-section-boxed elementor-section-height-default elementor-section-height-default\" data-id=\"29033e6\" data-element_type=\"section\" data-e-type=\"section\">\n\t\t\t\t\t\t<div class=\"elementor-container elementor-column-gap-default\">\n\t\t\t\t\t<div class=\"elementor-column elementor-col-100 elementor-top-column elementor-element elementor-element-90d93a9\" data-id=\"90d93a9\" data-element_type=\"column\" data-e-type=\"column\">\n\t\t\t<div class=\"elementor-widget-wrap elementor-element-populated\">\n\t\t\t\t\t\t<div class=\"elementor-element elementor-element-01bed17 elementor-widget elementor-widget-heading\" data-id=\"01bed17\" data-element_type=\"widget\" data-e-type=\"widget\" data-widget_type=\"heading.default\">\n\t\t\t\t<div class=\"elementor-widget-container\">\n\t\t\t\t\t<h1 class=\"elementor-heading-title elementor-size-default\">Avis Juridique<\/h1>\t\t\t\t<\/div>\n\t\t\t\t<\/div>\n\t\t\t\t<div class=\"elementor-element elementor-element-1a434f1 elementor-widget elementor-widget-text-editor\" data-id=\"1a434f1\" data-element_type=\"widget\" data-e-type=\"widget\" data-widget_type=\"text-editor.default\">\n\t\t\t\t<div class=\"elementor-widget-container\">\n\t\t\t\t\t\t\t\t\tThe purpose of these legal notices is to inform you of your rights and obligations as a user of this website. You will find here all the necessary information about this website, its activity, the personal data it collects and its purpose, as well as the rules of use governing the use of this website. When you access this website https:\/\/www.lecotedanse.com, you assume the status of user, so that the content of these legal mentions concerns you directly. It is therefore important that you read it to dispel your doubts and to know the conditions that you accept. First of all, please note that this site respects the regulations in force regarding data protection, in order to provide you with the guarantees, security and transparency to which you are entitled, as a user, when you use this site. The GDPR (Regulation (EU) 2016\/679 of the European Parliament and of the Council of 27 April 2016 on the protection of individuals) is the new European Union regulation unifying the regulation of the processing of personal data in the different EU countries. The LOPD (Organic Law 15\/1999, of 13 December, on the protection of personal data and Royal Decree 1720\/2007, of 21 December, implementing regulations of the LOPD) governs the processing of personal data and the obligations that those responsible for a website or blog must assume in the context of the management of this information. La LSSI (loi 34\/2002, du 11 juillet, sur les services de la soci\u00e9t\u00e9 de l'information et le commerce \u00e9lectronique) qui r\u00e9glemente les transactions \u00e9conomiques par voie \u00e9lectronique, comme dans le cas de ce blog. DONN\u00c9ES D'IDENTIFICATION La responsable et propri\u00e9taire de ce site web est Josefa Mar\u00eda Ruiz Olmedo (Ci-apr\u00e8s d\u00e9nomm\u00e9e Josefa Mar\u00eda) - Nom : Josefa Mar\u00eda Ruiz Olmedo - NIF : 48847023Z - Adresse : Ronda Norte 16 5\u00bai, CP : 30009 - Activit\u00e9 du site web : distribution de contenu li\u00e9 \u00e0 la mode, affichage de publicit\u00e9 et vente en ligne de produits. E-mail : lecotedansemurcia@gmail.com The data that you provide us with your consent, and in accordance with the use established in our privacy policy, will be included in an automatic file duly registered with the Spanish Data Protection Agency, for which the person responsible is : Josefa Mar\u00eda. This means that your data is secure, in accordance with the law.\n<h2><strong>RULES OF ACCESS TO THE WEBSITE<\/strong><\/h2>\nAs a user of our website, you also have a series of obligations: you may not use this website to carry out activities contrary to law, morality, public order and, in general, to use it in accordance with the conditions set out in this legal notice. It is forbidden to advertise or commercially exploit by sending messages under false identity. You are solely responsible for the truthfulness and accuracy of the content you view on this website and the personal data you provide for the purposes outlined in our privacy policy. You will also be solely responsible for the execution of any unlawful, harmful, injurious and\/or damaging actions on the websites to which we may send you from this website for the development of our activity. As the party responsible for the website, Josefa Mar\u00eda may interrupt the service of the page used by the user and immediately terminate the relationship if she detects a use of the website or of one of the services offered that may be considered as contrary to what is expressed in this legal notice. <strong>USE OF THE WEBSITE AND USER DATA<\/strong> All the terms and conditions listed above form part of the contractual content between LE COTE DANSE and the USER within the framework of this website, and are applicable both to the use of this website and to the conclusion of contracts through the intermediary of this website. They replace all previous formulations, with the exception of the only agreements written between LE COTE DANSE and the USER or the CONSUMER for agreements prior to the present ones. LE COTE DANSE products are intended exclusively for sale to end consumers, whether natural or legal persons, to the exclusion of any reseller or intermediary acting on behalf of a reseller. Consequently, the customer declares that he\/she acts as a final consumer and that he\/she has no intention of making any further commercial profit or resale. Furthermore, each time the CONSUMER makes a purchase, he\/she is required to accept these general terms and conditions. These general terms and conditions can be consulted in advance, on the website, via the link GENERAL CONDITIONS or when you are asked to confirm your acceptance. To proceed with the acceptance, you must check the box \"I have read and accept the general terms and conditions as well as www.lecotedanse.com\".\n<h2><strong> UTILISATION DU SITE WEB<\/strong><\/h2>\nTo purchase the products offered by LE COTE DANSE, it will be necessary to register using the form available on the site. The use of the data entered by the USER as well as the use of such data by third parties is the sole responsibility of the latter, who is exonerated from any liability or unauthorised use by LE COTE DANSE third parties. If the USER has any suspicions regarding the misuse of his\/her data by third parties, he\/she must inform LE COTE DANSE immediately and reliably via the following address lecotedansemurcia.com and proceed to the resolution and\/or rectification in the shortest possible time, respecting at all times the provisions of the Organic Law 15\/1999, of 13 December, relating to the protection of personal data. The USER is obliged to make good use of the material and\/or content published on the LE COTE DANSE website, and LE COTE DANSE reserves the right to take any appropriate legal action in the event that the actions of the USER alter or compromise the use of the website by third parties, the brand image or any other action that could cause damage, as well as not to introduce or disseminate computer viruses that could cause unauthorised alterations to the content or systems of LE COTE DANSE. LE COTE DANSE reserves the right to refuse access to the Site, or to terminate the orders of Users who misuse the content and\/or violate any of the terms and conditions contained herein.\n<h2><strong>COMMUNICATION OFFERS AND PROMOTIONS<\/strong><\/h2>\n<strong> <\/strong> Any promotion, offer and\/or communication made by LE COTE DANSE by electronic means shall at all times identify LE COTE DANSE as the offeror and in case of doubt as to the origin of the communications received as LE COTE DANSE must be indicated by the following electronic address lecotedansemurcia@gmail.com LE COTE DANSE hereby informs and the USER \/ CONSUMER consents to receive advertising or promotional communications by electronic mail or any other equivalent means of electronic communication from LE COTE DANSE and related to the products of the brand. The USER may at any time revoke the consent given in the previous section by simply sending an electronic mail to efecto.lecotedansemurcia@gmail.com, which is available in each of the communications, offers and promotions that he\/she receives.\n<h2><strong>INTELLECTUAL AND INDUSTRIAL PROPERTY<\/strong><\/h2>\nThe entirety of this website (texts, images, trademarks, graphics, logos, buttons, software files, colour combinations, as well as the structure, selection, arrangement and presentation of its contents) is protected by intellectual and industrial property laws in force, and its reproduction, distribution, public communication and transformation are prohibited, except for personal and private use. As owner of this website, Josefa Maria does not guarantee that the content is accurate or error-free, nor that the free use of the content by users will not infringe the rights of third parties. The good or bad use of this site and its content is the responsibility of the user. Likewise, the reproduction, retransmission, copying, transfer or redistribution, in whole or in part, of the information contained on the website, for any purpose and by any means whatsoever, is prohibited without the prior written permission of Josefa Maria.\n<h2><strong>LIENS<\/strong><\/h2>\nThis website includes links to third party sites. The pages belonging to these third parties have not been examined and are not subject to any controls on our part, so that Josefa Maria cannot be held responsible for the content of these websites, nor for the measures taken concerning your privacy or the processing of your personal data or any other data that may arise. We therefore recommend that you carefully read the terms of use, privacy policy, legal notices and\/or similar notices on these sites.\n<h2><strong>LIMITATION OF LIABILITY<\/strong><\/h2>\nIn exercising its right as owner of this website, we inform you that Josefa Maria is in no way responsible for the following: The quality of the service, the speed of access, the proper functioning or the availability or continued functioning of the site. The existence of viruses, malicious software, malicious or harmful programs in the content. Illegal, illegal, illegal, fraudulent or contrary to the present legal mentions. The lack of legality, quality, reliability, usability and availability of the services provided by third parties and made available to users on this website. For any damage that may result from illegal or inappropriate use of this blog.\n<h2><strong>PRIVACY AND DATA PROTECTION POLICY<\/strong><\/h2>\nThis site respects the legislation in force on data protection, which means that as a user, you must give your express consent before providing us with personal data by means of the various forms made available to you in the sections of our site. To this end, in the interest of transparency and the exercise of your rights, it is our duty to inform you about the personal data that we collect, store and process and for what purposes, and you have the possibility at any time to freely withdraw your consent. All this information is contained in our PRIVACY POLICY. <strong>COOKIE POLICY<\/strong> As we inform you as soon as you access our website, this site uses its own cookies and third party cookies in order to offer you the best user experience and to develop our activity. At any time, you will be able to configure your browser to refuse the use of these cookies which, in some cases, will affect your user experience. For full information on the use of cookies on this website, their purpose and purpose and their purpose, you can consult our COOKIES POLICY.\n<h2><strong> ELECTRONIC PUBLIC PROCUREMENT<\/strong><\/h2>\n<h3><strong>LE TYPE DE CONTRAT. LIEU.<\/strong><\/h3>\nConform\u00e9ment aux dispositions de l'article 23 de la loi 34\/2002 du 11 juillet 2002 sur les services de la soci\u00e9t\u00e9 de l'information et le commerce \u00e9lectronique, les contrats conclus entre LE COTE DANSE et l'UTILISATEUR seront consid\u00e9r\u00e9s comme des contrats conclus par voie \u00e9lectronique et, en tant que tels, seront r\u00e9gis par les dispositions du Code civil, du Code de commerce, du Texte consolid\u00e9 pour la d\u00e9fense des consommateurs et des utilisateurs, de la loi sur les services de la soci\u00e9t\u00e9 de l'information, ainsi que de toute autre loi applicable, produisant tous les effets pr\u00e9vus dans l'ordre juridique espagnol par la concomitance des consentements. The consent is given when LE COTE DANSE sends the USER\/CONSUMMATEUR an acknowledgement of electronic receipt of the order and that the USER\/CONSUMMATEUR does not refuse the order in good faith, in accordance with article 28.1 of Law 34\/2002 of 11 July 2002 relating to information society services and electronic commerce. In this case, the contract is presumed to have been concluded at the place where the CONSUMER has his\/her usual place of residence.\n<h3><strong>VALIDIT\u00c9 ET DUR\u00c9E DES PR\u00c9SENTES CONDITIONS G\u00c9N\u00c9RALES<\/strong><\/h3>\nIf one of the provisions of these general terms and conditions is declared invalid, the other general terms and conditions remain in full force and effect and must be interpreted taking into account the overall content of the other provisions. The information contained in this website is current as of the date of its last update. LE COTE DANSE reserves the right to unilaterally modify these Terms and Conditions, as well as its privacy policy and all other information. The entry into force of any modification of the terms and conditions shall take place at the time of their publication.\n<h3><strong>CLAUSE DE CL\u00d4TURE<\/strong><\/h3>\nLE COTE DANSE is not responsible, in any case, for damage of any kind that may cause, but is not limited to: errors or omissions in the content, the unavailability of the portal or the transmission of viruses or malicious or harmful software in the content, even if all the necessary technological measures have been taken to prevent it.\n<h3><strong>APPLICABLE LAW AND COMPETENT JURISDICTION<\/strong><\/h3>\nThis legal notice is subject to the Spanish legislation in force. In the event of litigation, Josefa Mar\u00eda and the user, expressly waiving any other jurisdiction, shall submit to the courts and tribunals of the domicile of the user for any litigation that may arise. If the user is domiciled outside Spain, Josefa Mar\u00eda and the user shall submit, expressly waiving any other jurisdiction, to the courts and tribunals of Murcia (Spain). If you have any questions concerning these legal mentions, you can send us a letter to lecotedansemurcia@gmail.com.\t\t\t\t\t\t\t\t<\/div>\n\t\t\t\t<\/div>\n\t\t\t\t\t<\/div>\n\t\t<\/div>\n\t\t\t\t\t<\/div>\n\t\t<\/section>\n\t\t\t\t<\/div>","protected":false},"excerpt":{"rendered":"<p>Legal Notice The purpose of these legal notices is to inform you of your rights and obligations as a user of this website. You will find here all the necessary information about this website, its activity, the personal data it collects and its purpose, as well as the rules of use which regulate the use of this website. <a title=\"Avis Juridique\" class=\"read-more\" href=\"https:\/\/lecotedanse.com\/en\/avis-juridique\/\" aria-label=\"Read more about Avis Juridique\">Read more<\/a><\/p>","protected":false},"author":1,"featured_media":0,"parent":0,"menu_order":0,"comment_status":"closed","ping_status":"closed","template":"elementor_header_footer","meta":{"footnotes":""},"class_list":["post-1953659","page","type-page","status-publish"],"_links":{"self":[{"href":"https:\/\/lecotedanse.com\/en\/wp-json\/wp\/v2\/pages\/1953659","targetHints":{"allow":["GET"]}}],"collection":[{"href":"https:\/\/lecotedanse.com\/en\/wp-json\/wp\/v2\/pages"}],"about":[{"href":"https:\/\/lecotedanse.com\/en\/wp-json\/wp\/v2\/types\/page"}],"author":[{"embeddable":true,"href":"https:\/\/lecotedanse.com\/en\/wp-json\/wp\/v2\/users\/1"}],"replies":[{"embeddable":true,"href":"https:\/\/lecotedanse.com\/en\/wp-json\/wp\/v2\/comments?post=1953659"}],"version-history":[{"count":0,"href":"https:\/\/lecotedanse.com\/en\/wp-json\/wp\/v2\/pages\/1953659\/revisions"}],"wp:attachment":[{"href":"https:\/\/lecotedanse.com\/en\/wp-json\/wp\/v2\/media?parent=1953659"}],"curies":[{"name":"wp","href":"https:\/\/api.w.org\/{rel}","templated":true}]}}